{"id":3357,"date":"2023-07-25T20:22:09","date_gmt":"2023-07-25T17:22:09","guid":{"rendered":"https:\/\/arugrupp.rktv.ee\/trepid\/kombineeritud-trepid\/siksaktalaga-trepid\/"},"modified":"2023-08-08T13:22:37","modified_gmt":"2023-08-08T10:22:37","slug":"stairs-with-wooden-stages-on-two-metallic-kosours","status":"publish","type":"page","link":"https:\/\/arugrupp.rktv.ee\/en\/stairs\/combined-stairs\/stairs-with-wooden-stages-on-two-metallic-kosours\/","title":{"rendered":"Stairs with wooden stages on two metallic kosours"},"content":{"rendered":"\n<p>Kombineeritud materjalidest valmistatud trepp koosneb metallkandjatest ning puidust astmelaudadest. Sellise stiiliga sobivad &nbsp;h\u00e4sti klaasist piirded, mida saab vajadusel ka toonida. Metallkandjatel trepid v\u00f5ivad olla lisaks sirgele vormile nii L-trepid kui ka U-trepid.<\/p>\n\n\n\n<p>Saada hinnap\u00e4ring metallkandjatega trepile&nbsp;<u><a href=\"mailto:trepp@arugrupp.ee\">siit<\/a><\/u>.<\/p>\n","protected":false},"excerpt":{"rendered":"Kombineeritud materjalidest valmistatud trepp koosneb metallkandjatest ning puidust astmelaudadest. Sellise stiiliga sobivad &nbsp;h\u00e4sti klaasist piirded, mida saab vajadusel ka toonida. Metallkandjatel trepid v\u00f5ivad olla lisaks sirgele vormile nii L-trepid kui ka U-trepid. Saada hinnap\u00e4ring metallkandjatega trepile&nbsp;siit.","protected":false},"author":1,"featured_media":2868,"parent":3355,"menu_order":0,"comment_status":"closed","ping_status":"closed","template":"page-templates\/template-stair.php","meta":[],"acf":[],"_links":{"self":[{"href":"https:\/\/arugrupp.rktv.ee\/en\/wp-json\/wp\/v2\/pages\/3357"}],"collection":[{"href":"https:\/\/arugrupp.rktv.ee\/en\/wp-json\/wp\/v2\/pages"}],"about":[{"href":"https:\/\/arugrupp.rktv.ee\/en\/wp-json\/wp\/v2\/types\/page"}],"author":[{"embeddable":true,"href":"https:\/\/arugrupp.rktv.ee\/en\/wp-json\/wp\/v2\/users\/1"}],"replies":[{"embeddable":true,"href":"https:\/\/arugrupp.rktv.ee\/en\/wp-json\/wp\/v2\/comments?post=3357"}],"version-history":[{"count":2,"href":"https:\/\/arugrupp.rktv.ee\/en\/wp-json\/wp\/v2\/pages\/3357\/revisions"}],"predecessor-version":[{"id":3450,"href":"https:\/\/arugrupp.rktv.ee\/en\/wp-json\/wp\/v2\/pages\/3357\/revisions\/3450"}],"up":[{"embeddable":true,"href":"https:\/\/arugrupp.rktv.ee\/en\/wp-json\/wp\/v2\/pages\/3355"}],"wp:featuredmedia":[{"embeddable":true,"href":"https:\/\/arugrupp.rktv.ee\/en\/wp-json\/wp\/v2\/media\/2868"}],"wp:attachment":[{"href":"https:\/\/arugrupp.rktv.ee\/en\/wp-json\/wp\/v2\/media?parent=3357"}],"curies":[{"name":"wp","href":"https:\/\/api.w.org\/{rel}","templated":true}]}}