{"id":3373,"date":"2023-07-25T20:26:36","date_gmt":"2023-07-25T17:26:36","guid":{"rendered":"https:\/\/arugrupp.rktv.ee\/trepid\/nouanded\/trepi-mootmise-juhis\/"},"modified":"2023-08-08T12:45:49","modified_gmt":"2023-08-08T09:45:49","slug":"trepi-mootmise-juhis","status":"publish","type":"page","link":"https:\/\/arugrupp.rktv.ee\/en\/stairs\/suggestions\/trepi-mootmise-juhis\/","title":{"rendered":"Trepi m\u00f5\u00f5tmise juhis"},"content":{"rendered":"\n<p>Selleks, et saaksime teile pakkuda v\u00f5imalikul t\u00e4pse trepi hinna vajame trepi m\u00f5\u00f5te. Edastame siin m\u00f5ned juhised, kuidas t\u00e4psema tulemuseni j\u00f5uda ja mida m\u00f5\u00f5ta.<\/p>\n\n\n\n<ul>\n<li>Ruumi k\u00f5rgus m\u00f5\u00f5tke esimese korruse p\u00f5randast kuni teise korruse p\u00f5randani.<\/li>\n\n\n\n<li>Trepi konstrueerimiseks on vaja teada nii ruumi k\u00f5rgust kui ka vahelae paksust.<\/li>\n\n\n\n<li>Arvestage sellega, et trepi laius ei saa olla laiem trepi ava laiusest.<\/li>\n\n\n\n<li>Trepi ava pikkuse ja ruumi k\u00f5rguse j\u00e4rgi arvutab trepikonstruktor trepi pikkuse nii, et j\u00e4\u00e4ks piisavalt l\u00e4bik\u00e4iguruumi.<\/li>\n\n\n\n<li>L\u00e4bik\u00e4iguruum on m\u00f5\u00f5t astme pealt esimese korruse laeni (trepiastmeid \u00fchendava m\u00f5ttelise joone ja vahelae vaheline k\u00f5rgusm\u00f5\u00f5t).<\/li>\n\n\n\n<li>M\u00f5\u00f5dud edastage palun millimeetrites<\/li>\n<\/ul>\n\n\n\n<p>M\u00f5\u00f5dud koos trepi t\u00fc\u00fcbi infoga sisestage palun hinnap\u00e4ringu vormi&nbsp;v\u00f5i saatke vabatekstina&nbsp;<a href=\"mailto:%20trepp@arugrupp.ee\">trepp@arugrupp.ee<\/a><\/p>\n\n\n\n<p><strong>Sirge trepi m\u00f5\u00f5tmine<\/strong>&nbsp; \/ hinnap\u00e4ringu vorm&nbsp;<a href=\"https:\/\/arugrupp.rktv.ee\/wp-content\/uploads\/2023\/08\/Trepi-hp-sirge_2011_v.pdf\" target=\"_blank\" rel=\"noreferrer noopener\"><strong>pdf<\/strong><\/a>&nbsp;v\u00f5i&nbsp;<a href=\"https:\/\/arugrupp.rktv.ee\/wp-content\/uploads\/2023\/08\/Trepi-hp-sirge_2011_v.xls\" target=\"_blank\" rel=\"noreferrer noopener\"><strong>xls<\/strong><\/a>.<\/p>\n\n\n\n<figure class=\"wp-block-image size-full\"><img decoding=\"async\" loading=\"lazy\" width=\"1535\" height=\"1004\" src=\"https:\/\/arugrupp.rktv.ee\/wp-content\/uploads\/2023\/08\/trepi-mootmine_1-1.jpg\" alt=\"\" class=\"wp-image-1672\" srcset=\"https:\/\/arugrupp.rktv.ee\/wp-content\/uploads\/2023\/08\/trepi-mootmine_1-1.jpg 1535w, https:\/\/arugrupp.rktv.ee\/wp-content\/uploads\/2023\/08\/trepi-mootmine_1-1-640x419.jpg 640w\" sizes=\"(max-width: 1535px) 100vw, 1535px\" \/><\/figure>\n\n\n\n<p><strong>L-kujulise trepi m\u00f5\u00f5tmine&nbsp;\/&nbsp;<\/strong>hinnap\u00e4ringu vorm<strong>&nbsp;<a href=\"https:\/\/arugrupp.rktv.ee\/wp-content\/uploads\/2023\/08\/Trepi-hp-L_2011_v.pdf\">pdf<\/a>&nbsp;<\/strong>v\u00f5i&nbsp;<strong><a href=\"https:\/\/arugrupp.rktv.ee\/wp-content\/uploads\/2023\/08\/Trepi-hp-L_2011_v.xls\">xls<\/a><\/strong><\/p>\n\n\n\n<p><strong>U-kujulise trepi m\u00f5\u00f5tmine&nbsp;\/&nbsp;<\/strong>hinnap\u00e4ringu vorm<strong>&nbsp;<a href=\"https:\/\/arugrupp.rktv.ee\/wp-content\/uploads\/2023\/08\/Trepi-hp-U_2011.pdf\">pdf<\/a>&nbsp;<\/strong>v\u00f5i<strong>&nbsp;<a href=\"https:\/\/arugrupp.rktv.ee\/wp-content\/uploads\/2023\/08\/Trepi-hp-U_2011_v.xls\">xls<\/a><\/strong><\/p>\n\n\n\n<figure class=\"wp-block-image size-full\"><img decoding=\"async\" loading=\"lazy\" width=\"1535\" height=\"1004\" src=\"https:\/\/arugrupp.rktv.ee\/wp-content\/uploads\/2023\/08\/trepi-muutmine_2-1.jpg\" alt=\"\" class=\"wp-image-1675\" srcset=\"https:\/\/arugrupp.rktv.ee\/wp-content\/uploads\/2023\/08\/trepi-muutmine_2-1.jpg 1535w, https:\/\/arugrupp.rktv.ee\/wp-content\/uploads\/2023\/08\/trepi-muutmine_2-1-640x419.jpg 640w\" sizes=\"(max-width: 1535px) 100vw, 1535px\" \/><\/figure>\n","protected":false},"excerpt":{"rendered":"Selleks, et saaksime teile pakkuda v\u00f5imalikul t\u00e4pse trepi hinna vajame trepi m\u00f5\u00f5te. Edastame siin m\u00f5ned juhised, kuidas t\u00e4psema tulemuseni j\u00f5uda ja mida m\u00f5\u00f5ta. M\u00f5\u00f5dud koos trepi t\u00fc\u00fcbi infoga sisestage palun hinnap\u00e4ringu vormi&nbsp;v\u00f5i saatke vabatekstina&nbsp;trepp@arugrupp.ee Sirge trepi m\u00f5\u00f5tmine&nbsp; \/ hinnap\u00e4ringu vorm&nbsp;pdf&nbsp;v\u00f5i&nbsp;xls. L-kujulise trepi m\u00f5\u00f5tmine&nbsp;\/&nbsp;hinnap\u00e4ringu vorm&nbsp;pdf&nbsp;v\u00f5i&nbsp;xls U-kujulise trepi m\u00f5\u00f5tmine&nbsp;\/&nbsp;hinnap\u00e4ringu vorm&nbsp;pdf&nbsp;v\u00f5i&nbsp;xls","protected":false},"author":1,"featured_media":0,"parent":3367,"menu_order":2,"comment_status":"closed","ping_status":"closed","template":"page-templates\/template-container.php","meta":[],"acf":[],"_links":{"self":[{"href":"https:\/\/arugrupp.rktv.ee\/en\/wp-json\/wp\/v2\/pages\/3373"}],"collection":[{"href":"https:\/\/arugrupp.rktv.ee\/en\/wp-json\/wp\/v2\/pages"}],"about":[{"href":"https:\/\/arugrupp.rktv.ee\/en\/wp-json\/wp\/v2\/types\/page"}],"author":[{"embeddable":true,"href":"https:\/\/arugrupp.rktv.ee\/en\/wp-json\/wp\/v2\/users\/1"}],"replies":[{"embeddable":true,"href":"https:\/\/arugrupp.rktv.ee\/en\/wp-json\/wp\/v2\/comments?post=3373"}],"version-history":[{"count":1,"href":"https:\/\/arugrupp.rktv.ee\/en\/wp-json\/wp\/v2\/pages\/3373\/revisions"}],"predecessor-version":[{"id":3374,"href":"https:\/\/arugrupp.rktv.ee\/en\/wp-json\/wp\/v2\/pages\/3373\/revisions\/3374"}],"up":[{"embeddable":true,"href":"https:\/\/arugrupp.rktv.ee\/en\/wp-json\/wp\/v2\/pages\/3367"}],"wp:attachment":[{"href":"https:\/\/arugrupp.rktv.ee\/en\/wp-json\/wp\/v2\/media?parent=3373"}],"curies":[{"name":"wp","href":"https:\/\/api.w.org\/{rel}","templated":true}]}}