{"id":3382,"date":"2023-07-25T19:28:35","date_gmt":"2023-07-25T16:28:35","guid":{"rendered":"https:\/\/arugrupp.rktv.ee\/aknad\/puitaknad\/tuletokkeaknad\/"},"modified":"2023-08-08T12:47:16","modified_gmt":"2023-08-08T09:47:16","slug":"tuletokkeaknad","status":"publish","type":"page","link":"https:\/\/arugrupp.rktv.ee\/en\/windows\/wooden-windows\/tuletokkeaknad\/","title":{"rendered":"Tulet\u00f5kkeaknad"},"content":{"rendered":"\n<h2 class=\"wp-block-heading\">Aru Fix Firestop EI30<\/h2>\n\n\n\n<p>EI30 n\u00f5uetele vastav tulet\u00f5kkeaken. Toode l\u00e4bis T\u00dcV Eesti O\u00dc tulekatsete laboris t\u00fc\u00fcbikatsed suure varuga ja on turvaline nii sise- kui v\u00e4listingimustesse. Toote ametlik nimetus on mittekandev klaasitud EI30 tulet\u00f5kkeomadustega seinaelement ja t\u00fc\u00fcbinimi Aru FIX Firestop EI30. Pakume suurem\u00f5\u00f5dulisi avat\u00e4iteid \u2013 k\u00f5rgus kuni 2760 mm, laius kuni 1910&nbsp;mm ja pindala kuni 4,44 m2.<\/p>\n\n\n\n<figure class=\"wp-block-image size-full\"><img decoding=\"async\" loading=\"lazy\" width=\"209\" height=\"333\" src=\"https:\/\/arugrupp.rktv.ee\/wp-content\/uploads\/2023\/08\/Aru-Fix-Firestop-EI30.jpg\" alt=\"\" class=\"wp-image-2026\"\/><\/figure>\n\n\n\n<figure class=\"wp-block-image size-full\"><img decoding=\"async\" loading=\"lazy\" width=\"148\" height=\"117\" src=\"https:\/\/arugrupp.rktv.ee\/wp-content\/uploads\/2023\/08\/EI-pilt.jpg\" alt=\"\" class=\"wp-image-2020\"\/><\/figure>\n\n\n\n<p>Puitraami paksus: 115 mm<br>Akna soojusjuhtivus: Uw=1,2 W\/m\u00b2K<\/p>\n\n\n\n<h2 class=\"wp-block-heading\">Aru Firestop 92 EI30IN<\/h2>\n\n\n\n<p>EI30 n\u00f5uetele vastav tulet\u00f5kkeaken. Toode l\u00e4bis T\u00dcV Eesti O\u00dc tulekatsete laboris t\u00fc\u00fcbikatsed suure varuga ja on turvaline nii sise- kui v\u00e4listingimustesse. Avat\u00e4idete k\u00f5rgus kuni 2415 mm, laius kuni 1150 mm ja pindala kuni 2,52 m2<\/p>\n\n\n\n<figure class=\"wp-block-image size-full\"><img decoding=\"async\" loading=\"lazy\" width=\"209\" height=\"333\" src=\"https:\/\/arugrupp.rktv.ee\/wp-content\/uploads\/2023\/08\/Aru-Firestop-92-EI30-IN.jpg\" alt=\"\" class=\"wp-image-2023\"\/><\/figure>\n\n\n\n<figure class=\"wp-block-image size-full\"><img decoding=\"async\" loading=\"lazy\" width=\"148\" height=\"117\" src=\"https:\/\/arugrupp.rktv.ee\/wp-content\/uploads\/2023\/08\/EI-pilt.jpg\" alt=\"\" class=\"wp-image-2020\"\/><\/figure>\n\n\n\n<p>Puitraami paksus: 92 mm<br>Akna soojusjuhtivus: Uw=1,2 W\/m\u00b2K<\/p>\n\n\n\n<p>Sertifikaat:<\/p>\n\n\n\n<figure class=\"wp-block-image size-full is-resized\"><a href=\"https:\/\/arugrupp.rktv.ee\/wp-content\/uploads\/2023\/08\/2358-CPR-0180_Aru_Grupp_EN16034_Exp.2022.11.30_v2_EN.pdf\"><img decoding=\"async\" loading=\"lazy\" src=\"https:\/\/arugrupp.rktv.ee\/wp-content\/uploads\/2023\/08\/sert.png\" alt=\"\" class=\"wp-image-2041\" width=\"46\" height=\"70\"\/><\/a><\/figure>\n\n\n\n<figure class=\"wp-block-image size-full is-resized\"><a href=\"https:\/\/arugrupp.rktv.ee\/wp-content\/uploads\/2023\/08\/2358-CPR-0180_Aru_Grupp_EN16034_Exp.2022.11.30_v2_EN.pdf\"><img decoding=\"async\" loading=\"lazy\" src=\"https:\/\/arugrupp.rktv.ee\/wp-content\/uploads\/2023\/08\/lisa-icon.png\" alt=\"\" class=\"wp-image-2044\" width=\"64\" height=\"64\" srcset=\"https:\/\/arugrupp.rktv.ee\/wp-content\/uploads\/2023\/08\/lisa-icon.png 256w, https:\/\/arugrupp.rktv.ee\/wp-content\/uploads\/2023\/08\/lisa-icon-150x150.png 150w\" sizes=\"(max-width: 64px) 100vw, 64px\" \/><\/a><\/figure>\n\n\n\n<p><\/p>\n\n\n\n<p><strong>NB!<\/strong> Tulet\u00f5kke akendes kasutatav klaaspakett on k\u00fclma- ja kuumakartlik ning vajab kaitset. Klaaspaketi kasutusvahemik on temperatuuril&nbsp;-10<sup>o<\/sup>C&#8230;+45<sup>o<\/sup>C. Etten\u00e4htud temperatuuritingimuste eiramise korral muutub klaaspakett l\u00e4bipaistmatuks.<\/p>\n","protected":false},"excerpt":{"rendered":"Aru Fix Firestop EI30 EI30 n\u00f5uetele vastav tulet\u00f5kkeaken. Toode l\u00e4bis T\u00dcV Eesti O\u00dc tulekatsete laboris t\u00fc\u00fcbikatsed suure varuga ja on turvaline nii sise- kui v\u00e4listingimustesse. Toote ametlik nimetus on mittekandev klaasitud EI30 tulet\u00f5kkeomadustega seinaelement ja t\u00fc\u00fcbinimi Aru FIX Firestop EI30. Pakume suurem\u00f5\u00f5dulisi avat\u00e4iteid \u2013 k\u00f5rgus kuni 2760 mm, laius kuni 1910&nbsp;mm ja pindala kuni 4,44 [&hellip;]","protected":false},"author":1,"featured_media":0,"parent":3376,"menu_order":2,"comment_status":"closed","ping_status":"closed","template":"page-templates\/template-container.php","meta":[],"acf":[],"_links":{"self":[{"href":"https:\/\/arugrupp.rktv.ee\/en\/wp-json\/wp\/v2\/pages\/3382"}],"collection":[{"href":"https:\/\/arugrupp.rktv.ee\/en\/wp-json\/wp\/v2\/pages"}],"about":[{"href":"https:\/\/arugrupp.rktv.ee\/en\/wp-json\/wp\/v2\/types\/page"}],"author":[{"embeddable":true,"href":"https:\/\/arugrupp.rktv.ee\/en\/wp-json\/wp\/v2\/users\/1"}],"replies":[{"embeddable":true,"href":"https:\/\/arugrupp.rktv.ee\/en\/wp-json\/wp\/v2\/comments?post=3382"}],"version-history":[{"count":1,"href":"https:\/\/arugrupp.rktv.ee\/en\/wp-json\/wp\/v2\/pages\/3382\/revisions"}],"predecessor-version":[{"id":3383,"href":"https:\/\/arugrupp.rktv.ee\/en\/wp-json\/wp\/v2\/pages\/3382\/revisions\/3383"}],"up":[{"embeddable":true,"href":"https:\/\/arugrupp.rktv.ee\/en\/wp-json\/wp\/v2\/pages\/3376"}],"wp:attachment":[{"href":"https:\/\/arugrupp.rktv.ee\/en\/wp-json\/wp\/v2\/media?parent=3382"}],"curies":[{"name":"wp","href":"https:\/\/api.w.org\/{rel}","templated":true}]}}