{"id":3390,"date":"2023-07-25T19:29:47","date_gmt":"2023-07-25T16:29:47","guid":{"rendered":"https:\/\/arugrupp.rktv.ee\/aknad\/puitalumiiniumaknad\/puit-alumiinium-fassaadid\/"},"modified":"2023-07-25T19:29:47","modified_gmt":"2023-07-25T16:29:47","slug":"puit-alumiinium-fassaadid","status":"publish","type":"page","link":"https:\/\/arugrupp.rktv.ee\/en\/windows\/wood-aluminium-windows\/puit-alumiinium-fassaadid\/","title":{"rendered":"Puit-alumiinium fassaadid"},"content":{"rendered":"\n<section class=\"subcategory-intro-block\">\n    <div class=\"container\">\n        <div class=\"row align-items-center\">\n\t\t\t<div class=\"col col-lg-7 col-12\">\n\t\t\t\t<div class=\"taxonomy_content mb-6\">\n\t\t\t\t\t<h1 class=\"mb-5\">Puit-alumiinium fassaadid<\/h1>\n\t\t\t\t\t\t\t\t\t\t    <p>Puit-alumiinium klaasfassaadid v\u00f5imaldavad ehitada suuri, suhteliselt soojapidavaid ning valgusk\u00fcllaseid klaasist v\u00e4lisseinu.<\/p>\n<p>Klaasfassaadi s\u00fcsteemis saab kasutada suuremaid, paksemaid ja raskemaid klaaspakette kui aknas\u00fcsteemis.<\/p>\n<p>Ruumi poole j\u00e4\u00e4v puitkonstruktsioon on kaunis ja soe ning eriti sobilik eramute puhul.<\/p>\n<p>Puiduvalikus on tamme- ja m\u00e4nnipuit.<\/p>\n<p>Viimistluseks peitsid, lasuurid, \u00f5li v\u00f5i lakk.<\/p>\n<p>V\u00e4ljast katavad s\u00fcsteemi alumiiniumprofiilid, mille tooni saab valida RAL v\u00e4rvikaardi alusel.<\/p>\n\t\t\t\t\t\t\t\t\t\t\t\t\t\t<\/div>\n\t\t\t<\/div>\n\t\t\t\t\t\t\t\t\t\t\t<div class=\"col col-lg-5 col-12 d-flex justify-content-lg-end justify-content-center mt-lg-0 mt-8\">\n                    <div class=\"image_outside_wrap\">\n                        <div class=\"image_wrap\">\n                            <img decoding=\"async\" loading=\"lazy\" src=\"https:\/\/arugrupp.rktv.ee\/wp-content\/uploads\/2023\/08\/fas_alu_nurk-1.jpg\" width=\"212\" height=\"245\" alt=\"\">\n                        <\/div>\n\t\t\t\t\t<\/div>\n\t\t\t\t<\/div>\n\t\t\t\t\t<\/div>\n    <\/div>\n<\/section>\n\n\n<section class=\"subcategory-galleries-block position-relative pt-lg-10 pt-9 bg-white\">\n    \t\t\t\t<div class=\"gallery_wrap overflow-hidden pb-lg-10 pb-9\">\n\t\t\t\t\t\t\t<div class=\"product-subcategory-gallery position-relative overflow-hidden\">\n\t\t\t\t\t<div class=\"swiper-wrapper\">\n\t\t\t\t\t\t\t\t\t\t\t\t\t<div class=\"swiper-slide\">\n\t\t\t\t\t\t\t\t<div class=\"bg-center border-r-20 overflow-hidden mb-lg-4 mb-6\" style=\"background-image:url(https:\/\/arugrupp.rktv.ee\/wp-content\/uploads\/2023\/08\/fas_alu_006_large.jpg);\"><\/div>\n\t\t\t\t\t\t\t<\/div>\n\t\t\t\t\t\t\t\t\t\t\t\t\t<div class=\"swiper-slide\">\n\t\t\t\t\t\t\t\t<div class=\"bg-center border-r-20 overflow-hidden mb-lg-4 mb-6\" style=\"background-image:url(https:\/\/arugrupp.rktv.ee\/wp-content\/uploads\/2023\/08\/fas_alu_009_large.jpg);\"><\/div>\n\t\t\t\t\t\t\t<\/div>\n\t\t\t\t\t\t\t\t\t\t\t\t\t<div class=\"swiper-slide\">\n\t\t\t\t\t\t\t\t<div class=\"bg-center border-r-20 overflow-hidden mb-lg-4 mb-6\" style=\"background-image:url(https:\/\/arugrupp.rktv.ee\/wp-content\/uploads\/2023\/08\/fas_alu_000.jpg);\"><\/div>\n\t\t\t\t\t\t\t<\/div>\n\t\t\t\t\t\t\t\t\t\t\t\t\t<div class=\"swiper-slide\">\n\t\t\t\t\t\t\t\t<div class=\"bg-center border-r-20 overflow-hidden mb-lg-4 mb-6\" style=\"background-image:url(https:\/\/arugrupp.rktv.ee\/wp-content\/uploads\/2023\/08\/fas_alu_002_large.jpg);\"><\/div>\n\t\t\t\t\t\t\t<\/div>\n\t\t\t\t\t\t\t\t\t\t\t\t\t<div class=\"swiper-slide\">\n\t\t\t\t\t\t\t\t<div class=\"bg-center border-r-20 overflow-hidden mb-lg-4 mb-6\" style=\"background-image:url(https:\/\/arugrupp.rktv.ee\/wp-content\/uploads\/2023\/08\/fas_alu_003_large.jpg);\"><\/div>\n\t\t\t\t\t\t\t<\/div>\n\t\t\t\t\t\t\t\t\t\t\t\t\t<div class=\"swiper-slide\">\n\t\t\t\t\t\t\t\t<div class=\"bg-center border-r-20 overflow-hidden mb-lg-4 mb-6\" style=\"background-image:url(https:\/\/arugrupp.rktv.ee\/wp-content\/uploads\/2023\/08\/fas_alu_005_large.jpg);\"><\/div>\n\t\t\t\t\t\t\t<\/div>\n\t\t\t\t\t\t\t\t\t\t\t<\/div>\n\t\t\t\t<\/div>\n\t\t\t\t\t\t<div class=\"product-subcategory-gallery-content-wrap\">\n\t\t\t\t<div class=\"container\">\n\t\t\t\t\t<div class=\"row\">\n\t\t\t\t\t\t<div class=\"product-subcategory-gallery-content col col-lg-9 col-12\">\n\t\t\t\t\t\t\t\t\t\t\t\t\t<\/div>\n\t\t\t\t\t<\/div>\n\t\t\t\t<\/div>\n\t\t\t<\/div>\n\t\t<\/div>\n\t<\/section>\n\n\n<section class=\"two-column-text-block py-lg-9 pt-6 pb-2\">\n    <div class=\"container\">\n                    <div class=\"row\">\n                <div class=\"full_width_content col col-lg-9 col-12 pt-6 mb-lg-9 mb-6\">\n                    <h2>Viimistlus<\/h2>\n<p>Alumiiniumi v\u00e4rvide toone saab valida RAL v\u00e4rvikaardi alusel.<\/p>\n<p>Puidupinna viimistluseks kasutame v\u00e4rve, peitse, lakke ja \u00f5lisid vastavalt sisekujundusele<\/p>\n<h2><img decoding=\"async\" loading=\"lazy\" width=\"385\" height=\"358\" class=\"alignnone size-full wp-image-1467\" src=\"https:\/\/arugrupp.rktv.ee\/wp-content\/uploads\/2023\/07\/RAL_original.jpg\" alt=\"\" \/><\/h2>\n                <\/div>\n            <\/div>\n                        <div class=\"row\">\n                                <\/div>\n            <\/div>\n<\/section>","protected":false},"excerpt":{"rendered":"","protected":false},"author":1,"featured_media":2430,"parent":3384,"menu_order":2,"comment_status":"closed","ping_status":"closed","template":"","meta":[],"acf":[],"_links":{"self":[{"href":"https:\/\/arugrupp.rktv.ee\/en\/wp-json\/wp\/v2\/pages\/3390"}],"collection":[{"href":"https:\/\/arugrupp.rktv.ee\/en\/wp-json\/wp\/v2\/pages"}],"about":[{"href":"https:\/\/arugrupp.rktv.ee\/en\/wp-json\/wp\/v2\/types\/page"}],"author":[{"embeddable":true,"href":"https:\/\/arugrupp.rktv.ee\/en\/wp-json\/wp\/v2\/users\/1"}],"replies":[{"embeddable":true,"href":"https:\/\/arugrupp.rktv.ee\/en\/wp-json\/wp\/v2\/comments?post=3390"}],"version-history":[{"count":0,"href":"https:\/\/arugrupp.rktv.ee\/en\/wp-json\/wp\/v2\/pages\/3390\/revisions"}],"up":[{"embeddable":true,"href":"https:\/\/arugrupp.rktv.ee\/en\/wp-json\/wp\/v2\/pages\/3384"}],"wp:featuredmedia":[{"embeddable":true,"href":"https:\/\/arugrupp.rktv.ee\/en\/wp-json\/wp\/v2\/media\/2430"}],"wp:attachment":[{"href":"https:\/\/arugrupp.rktv.ee\/en\/wp-json\/wp\/v2\/media?parent=3390"}],"curies":[{"name":"wp","href":"https:\/\/api.w.org\/{rel}","templated":true}]}}