{"id":3397,"date":"2023-07-25T11:16:51","date_gmt":"2023-07-25T08:16:51","guid":{"rendered":"https:\/\/arugrupp.rktv.ee\/uksed\/roduuksed\/sissepoole-avatavad-puitalumiiniumroduuksed\/"},"modified":"2023-08-08T13:01:01","modified_gmt":"2023-08-08T10:01:01","slug":"inward-opening-wood-aluminium-balcony-doors","status":"publish","type":"page","link":"https:\/\/arugrupp.rktv.ee\/en\/doors\/balcony-doors\/inward-opening-wood-aluminium-balcony-doors\/","title":{"rendered":"Inward opening wood-aluminium balcony doors"},"content":{"rendered":"\n<section class=\"subcategory-intro-block\">\n    <div class=\"container\">\n        <div class=\"row align-items-center\">\n\t\t\t<div class=\"col col-lg-7 col-12\">\n\t\t\t\t<div class=\"taxonomy_content mb-6\">\n\t\t\t\t\t<h1 class=\"mb-5\">Inward opening wood-aluminium balcony doors<\/h1>\n\t\t\t\t\t\t\t\t\t\t    <p>Sissepoole avanevad aknad ja r\u00f5duuksed on tehniliselt sama toode, kuid r\u00f5duuste v\u00e4lism\u00f5\u00f5dud vastavad uste m\u00f5\u00f5tudele . R\u00f5duuste nimetuses on\u00a0 t\u00e4htede kombinatsioon BD (Balcony door).<\/p>\n<p>Number toote nimes m\u00e4rgib raami paksust:\u00a068mm\u00a0aknaraam mahutab kahekihilise ja\u00a078mm\u00a0aknaraam kolmekihilise klaaspaketi.\u00a0&#8220;Cora&#8221;\u00a0on kandiline puitraami ja lengi peale paigaldatav alumiiniumprofiil.<\/p>\n\t\t\t\t\t\t\t\t\t\t\t\t\t\t\t\t<div class=\"category_links\">\n\t\t\t\t\t\t\t<div class=\"d-flex flex-wrap\">\n\t\t\t\t\t\t\t\t\t\t\t\t\t\t\t\t\t\t\t\t\t\t\t\t\t\t<a class=\"btn me-4 anchor\" href=\"https:\/\/arugrupp.rktv.ee\/uksed\/roduuksed\/sissepoole-avatavad-puitalumiiniumroduuksed\/#tooted\" target=\"_self\">\n\t\t\t\t\t\t\t\t\t\tVaata tooteid\t\t\t\t\t\t\t\t\t<\/a>\n\t\t\t\t\t\t\t\t\t\t\t\t\t\t\t<\/div>\n\t\t\t\t\t\t<\/div>\n\t\t\t\t\t\t\t\t\t<\/div>\n\t\t\t<\/div>\n\t\t\t\t\t\t\t\t\t\t\t<div class=\"col col-lg-5 col-12 d-flex justify-content-lg-end justify-content-center mt-lg-0 mt-8\">\n                    <div class=\"image_outside_wrap\">\n                        <div class=\"image_wrap\">\n                            <img decoding=\"async\" loading=\"lazy\" src=\"https:\/\/arugrupp.rktv.ee\/wp-content\/uploads\/2023\/08\/aruAL_78_sofline-_IN_001_vv.jpg\" width=\"193\" height=\"318\" alt=\"\">\n                        <\/div>\n\t\t\t\t\t<\/div>\n\t\t\t\t<\/div>\n\t\t\t\t\t<\/div>\n    <\/div>\n<\/section>\n\n\n    <section class=\"subcategory-products-block\" data-anchor=\"tooted\">\n        <div class=\"container pt-lg-10 pt-9 pb-8\">\n            <h2 class=\"mb-lg-9 mb-5\">Products<\/h2>\n            <div class=\"row gx-lg-4 gx-3\">\n                                                        <div class=\"product col col-lg-3 col-6 mb-lg-8 mb-5\">\n                        <a class=\"product-link d-flex flex-column align-items-center justify-content-start\" href=\"https:\/\/arugrupp.rktv.ee\/en\/door\/arual-bd-68-cora-in\/\">\n                            <div class=\"image_wrap position-relative mb-2\">\n                                                                                                        <img decoding=\"async\" loading=\"lazy\" class=\"position-absolute top-0 start-0 w100 h100\" src=\"https:\/\/arugrupp.rktv.ee\/wp-content\/uploads\/2023\/08\/aruAL-68-cora_04.jpg\" width=\"120\" height=\"172\" alt=\"\">\n                                                            <\/div>\n                            <p class=\"mb-0 text-center\">AruAL BD 68 Cora IN<\/p>\n                        <\/a>\n                    <\/div>\n                                                        <div class=\"product col col-lg-3 col-6 mb-lg-8 mb-5\">\n                        <a class=\"product-link d-flex flex-column align-items-center justify-content-start\" href=\"https:\/\/arugrupp.rktv.ee\/en\/door\/arual-bd-78-cora-in\/\">\n                            <div class=\"image_wrap position-relative mb-2\">\n                                                                                                        <img decoding=\"async\" loading=\"lazy\" class=\"position-absolute top-0 start-0 w100 h100\" src=\"https:\/\/arugrupp.rktv.ee\/wp-content\/uploads\/2023\/08\/aruAL-78-cora_04_v.jpg\" width=\"141\" height=\"209\" alt=\"\">\n                                                            <\/div>\n                            <p class=\"mb-0 text-center\">AruAL BD 78 Cora IN<\/p>\n                        <\/a>\n                    <\/div>\n                            <\/div>\n        <\/div>\n    <\/section>\n\n\n\n    <section class=\"technical-parameters-block position-relative pt-lg-10 py-9\">\n        <div class=\"container\">\n\t\t\t<h2 class=\"mb-lg-9 mb-5\">Technical data<\/h2>\n\t\t\t<div class=\"w100 d-lg-block d-none\">\n\t\t\t\t<table class=\"w100 text-start\">\n\t\t\t\t\t\t\t\t\t\t\t<thead>\n\t\t\t\t\t\t\t<tr>\n\t\t\t\t\t\t\t\t\t\t\t\t\t\t\t\t\t\t\t\t\t\t\t\t\t\t<th class=\"pb-2 body-text-small\">Ukse t\u00fc\u00fcp<\/th>\t\t\t\t\t\t\t\t\t\t\t\t\t\t\t\t\t\t\t\t\t\t\t\t\t\t<th class=\"pb-2 body-text-small\">Lengi laius<\/th>\t\t\t\t\t\t\t\t\t\t\t\t\t\t\t\t\t\t\t\t\t\t\t\t\t\t<th class=\"pb-2 body-text-small\">Raami paksus<\/th>\t\t\t\t\t\t\t\t\t\t\t\t\t\t\t\t\t\t\t\t\t\t\t\t\t\t<th class=\"pb-2 body-text-small\">Klaaspaketi paksus<\/th>\t\t\t\t\t\t\t\t\t\t\t\t\t\t\t\t\t\t\t\t\t\t\t\t\t\t<th class=\"pb-2 body-text-small\">Tooteleht<\/th>\t\t\t\t\t\t\t\t\t\t\t\t\t\t\t<\/tr>\n\t\t\t\t\t\t<\/thead>\n\t\t\t\t\t\t\t\t\t\t\t\t\t\t\t\t<tbody>\n\t\t\t\t\t\t\t\t\t\t\t\t\t\t\t\t\t\t\t\t\t\t\t<tr>\n\t\t\t\t\t\t\t\t\t\t\t\t\t\t\t\t\t\t\t\t\t\t\t\t\t\t\t\t\t\t\t\t\t\t\t\t\t\t\t\t\t\t\t\t\t\t\t\t\t\t\t\t\t<td><a class=\"product\" href=\"https:\/\/arugrupp.rktv.ee\/door\/arual-bd-68-cora-in\/\" target=\"_blank\">AruAL BD 68 Cora IN<\/a><\/td>\t\t\t\t\t\t\t\t\t\t\t\t\t\t\t\t\t\t\t\t\t\t\t\t\t\t\t\t\t\t\t\t\t\t\t\t\t\t\t\t\t\t\t\t\t\t\t\t\t\t\t\t\t\t\t<td>68 mm<\/td>\t\t\t\t\t\t\t\t\t\t\t\t\t\t\t\t\t\t\t\t\t\t\t\t\t\t\t\t\t\t\t\t\t\t\t\t\t\t\t\t\t\t\t\t\t\t\t\t\t\t\t\t\t\t<td>68 mm<\/td>\t\t\t\t\t\t\t\t\t\t\t\t\t\t\t\t\t\t\t\t\t\t\t\t\t\t\t\t\t\t\t\t\t\t\t\t\t\t\t\t\t\t\t\t\t\t\t\t\t\t\t\t\t\t<td>24 mm<\/td>\t\t\t\t\t\t\t\t\t\t\t\t\t\t\t\t\t\t\t\t\t\t\t\t\t\t\t\t\t\t\t\t\t\t\t\t\t\t\t\t\t\t\t\t\t\t\t\t\t\t\t\t\t\t<td><a class=\"file d-flex align-items-center justify-content-start\" href=\"https:\/\/arugrupp.rktv.ee\/wp-content\/uploads\/2023\/08\/AruAL-BD-68-CORA-IN_20162901_vaike.pdf\" target=\"_blank\">Download<\/a><\/td>\t\t\t\t\t\t\t\t\t\t\t\t\t\t\t\t\t\t\t\t\t\t\t\t\t\t\t\t\t\t\t\t\t\t\t\t\t\t<\/tr>\n\t\t\t\t\t\t\t\t\t\t\t\t\t\t\t\t\t\t\t\t\t\t\t<tr>\n\t\t\t\t\t\t\t\t\t\t\t\t\t\t\t\t\t\t\t\t\t\t\t\t\t\t\t\t\t\t\t\t\t\t\t\t\t\t\t\t\t\t\t\t\t\t\t\t\t\t\t\t\t<td><a class=\"product\" href=\"https:\/\/arugrupp.rktv.ee\/door\/arual-bd-78-cora-in\/\" target=\"_blank\">AruAL BD 78 Cora IN<\/a><\/td>\t\t\t\t\t\t\t\t\t\t\t\t\t\t\t\t\t\t\t\t\t\t\t\t\t\t\t\t\t\t\t\t\t\t\t\t\t\t\t\t\t\t\t\t\t\t\t\t\t\t\t\t\t\t\t<td>78 mm<\/td>\t\t\t\t\t\t\t\t\t\t\t\t\t\t\t\t\t\t\t\t\t\t\t\t\t\t\t\t\t\t\t\t\t\t\t\t\t\t\t\t\t\t\t\t\t\t\t\t\t\t\t\t\t\t<td>78 mm<\/td>\t\t\t\t\t\t\t\t\t\t\t\t\t\t\t\t\t\t\t\t\t\t\t\t\t\t\t\t\t\t\t\t\t\t\t\t\t\t\t\t\t\t\t\t\t\t\t\t\t\t\t\t\t\t<td>42 mm<\/td>\t\t\t\t\t\t\t\t\t\t\t\t\t\t\t\t\t\t\t\t\t\t\t\t\t\t\t\t\t\t\t\t\t\t\t\t\t\t\t\t\t\t\t\t\t\t\t\t\t\t\t\t\t\t<td><a class=\"file d-flex align-items-center justify-content-start\" href=\"https:\/\/arugrupp.rktv.ee\/wp-content\/uploads\/2023\/08\/AruAL-BD-78-Cora-IN_20162901_vaike.pdf\" target=\"_blank\">Download<\/a><\/td>\t\t\t\t\t\t\t\t\t\t\t\t\t\t\t\t\t\t\t\t\t\t\t\t\t\t\t\t\t\t\t\t\t\t\t\t\t\t<\/tr>\n\t\t\t\t\t\t\t\t\t\t\t\t\t<\/tbody>\n\t\t\t\t\t\t\t\t\t<\/table>\n\t\t\t<\/div>\n\t\t\t\t\t\t\t<div class=\"mobile_parameters d-lg-none d-block\">\n\t\t\t\t\t\t\t\t\t\t\t\t\t\t\t\t\t<div class=\"technical_parameter py-5\">\n\t\t\t\t\t\t\t\t\t\t\t\t\t\t\t\t\t\t\t\t\t\t\t\t\t\t\t\t\t\t\t\t\t\t\t\t\t\t\t\t\t\t<div class=\"title_value mb-4\"><a class=\"product\" href=\"https:\/\/arugrupp.rktv.ee\/door\/arual-bd-68-cora-in\/\" target=\"_blank\">AruAL BD 68 Cora IN<\/a><\/div>\t\t\t\t\t\t\t\t\t\t\t\t\t\t\t\t\t\t\t\t\t\t\t\t\t\t\t\t\t\t\t\t\t\t\t\t\t\t\t\t\t\t\t\t\t\t\t\t\t\t\t\t\t\t\t\t\t\t\t\t\t\t\t\t\t\t\t\t\t\t\t\t\t\t\t\t\t\t\t\t\t\t\t\t\t\t\t\t\t\t\t\t\t\t\t\t\t\t\t\t\t\t\t\t\t\t\t\t\t\t\t\t\t\t\t\t\t\t\t\t\t\t\t\t\t\t\t\t\t\t\t\t\t\t\t\t\t\t\t\t\t\t\t\t\t\t\t\t\t\t\t\t\t\t\t\t\t\t\t\t\t\t\t\t\t\t\t\t\t\t\t\t\t\t\t\t\t\t\t\t\t\t\t\t\t\t\t\t\t\t\t\t\t\t\t\t\t\t\t\t\t\t\t\t\t\t\t\t\t\t\t\t\t\t\t\t\t\t\t\t\t\t\t\t<div class=\"d-flex\">\n\t\t\t\t\t\t\t\t\t\t\t                                            \t\t\t\t\t\t\t\t\t\t\t    <div class=\"row_title body-text-small mb-3 me-5\">Lengi laius<\/div>                                            \t\t\t\t\t\t\t\t\t\t\t\t\t\t\t\t\t\t\t\t\t\t\t<div class=\"row_value mb-3\">68 mm<\/div>\t\t\t\t\t\t\t\t\t\t\t\t\t\t\t\t\t\t\t\t\t<\/div>\n\t\t\t\t\t\t\t\t\t\t\t\t\t\t\t\t\t\t\t\t\t\t\t\t\t\t\t\t\t\t\t\t\t\t\t\t\t\t\t\t\t\t\t\t\t<div class=\"d-flex\">\n\t\t\t\t\t\t\t\t\t\t\t                                            \t\t\t\t\t\t\t\t\t\t\t    <div class=\"row_title body-text-small mb-3 me-5\">Raami paksus<\/div>                                            \t\t\t\t\t\t\t\t\t\t\t\t\t\t\t\t\t\t\t\t\t\t\t<div class=\"row_value mb-3\">68 mm<\/div>\t\t\t\t\t\t\t\t\t\t\t\t\t\t\t\t\t\t\t\t\t<\/div>\n\t\t\t\t\t\t\t\t\t\t\t\t\t\t\t\t\t\t\t\t\t\t\t\t\t\t\t\t\t\t\t\t\t\t\t\t\t\t\t\t\t\t\t\t\t<div class=\"d-flex\">\n\t\t\t\t\t\t\t\t\t\t\t                                            \t\t\t\t\t\t\t\t\t\t\t    <div class=\"row_title body-text-small mb-3 me-5\">Klaaspaketi paksus<\/div>                                            \t\t\t\t\t\t\t\t\t\t\t\t\t\t\t\t\t\t\t\t\t\t\t<div class=\"row_value mb-3\">24 mm<\/div>\t\t\t\t\t\t\t\t\t\t\t\t\t\t\t\t\t\t\t\t\t<\/div>\n\t\t\t\t\t\t\t\t\t\t\t\t\t\t\t\t\t\t\t\t\t\t\t\t\t\t\t\t\t\t\t\t\t\t\t\t\t\t\t\t\t\t\t\t\t<div class=\"d-flex\">\n\t\t\t\t\t\t\t\t\t\t\t                                            \t\t\t\t\t\t\t\t\t\t\t    <div class=\"row_title body-text-small mb-3 me-5\">Tooteleht<\/div>                                            \t\t\t\t\t\t\t\t\t\t\t\t\t\t\t\t\t\t\t\t\t\t\t<div class=\"row_value mb-3\"><a class=\"d-flex align-items-center justify-content-start\" href=\"https:\/\/arugrupp.rktv.ee\/wp-content\/uploads\/2023\/08\/AruAL-BD-68-CORA-IN_20162901_vaike.pdf\" target=\"_blank\">Download<\/a><\/div>\t\t\t\t\t\t\t\t\t\t\t\t\t\t\t\t\t\t\t\t\t<\/div>\n\t\t\t\t\t\t\t\t\t\t\t\t\t\t\t\t\t\t\t\t\t\t\t\t\t\t\t\t\t\t<\/div>\n\t\t\t\t\t\t\t\t\t\t\t\t\t\t\t\t\t<div class=\"technical_parameter py-5\">\n\t\t\t\t\t\t\t\t\t\t\t\t\t\t\t\t\t\t\t\t\t\t\t\t\t\t\t\t\t\t\t\t\t\t\t\t\t\t\t\t\t\t<div class=\"title_value mb-4\"><a class=\"product\" href=\"https:\/\/arugrupp.rktv.ee\/door\/arual-bd-78-cora-in\/\" target=\"_blank\">AruAL BD 78 Cora IN<\/a><\/div>\t\t\t\t\t\t\t\t\t\t\t\t\t\t\t\t\t\t\t\t\t\t\t\t\t\t\t\t\t\t\t\t\t\t\t\t\t\t\t\t\t\t\t\t\t\t\t\t\t\t\t\t\t\t\t\t\t\t\t\t\t\t\t\t\t\t\t\t\t\t\t\t\t\t\t\t\t\t\t\t\t\t\t\t\t\t\t\t\t\t\t\t\t\t\t\t\t\t\t\t\t\t\t\t\t\t\t\t\t\t\t\t\t\t\t\t\t\t\t\t\t\t\t\t\t\t\t\t\t\t\t\t\t\t\t\t\t\t\t\t\t\t\t\t\t\t\t\t\t\t\t\t\t\t\t\t\t\t\t\t\t\t\t\t\t\t\t\t\t\t\t\t\t\t\t\t\t\t\t\t\t\t\t\t\t\t\t\t\t\t\t\t\t\t\t\t\t\t\t\t\t\t\t\t\t\t\t\t\t\t\t\t\t\t\t\t\t\t\t\t\t\t\t\t<div class=\"d-flex\">\n\t\t\t\t\t\t\t\t\t\t\t                                            \t\t\t\t\t\t\t\t\t\t\t    <div class=\"row_title body-text-small mb-3 me-5\">Lengi laius<\/div>                                            \t\t\t\t\t\t\t\t\t\t\t\t\t\t\t\t\t\t\t\t\t\t\t<div class=\"row_value mb-3\">78 mm<\/div>\t\t\t\t\t\t\t\t\t\t\t\t\t\t\t\t\t\t\t\t\t<\/div>\n\t\t\t\t\t\t\t\t\t\t\t\t\t\t\t\t\t\t\t\t\t\t\t\t\t\t\t\t\t\t\t\t\t\t\t\t\t\t\t\t\t\t\t\t\t<div class=\"d-flex\">\n\t\t\t\t\t\t\t\t\t\t\t                                            \t\t\t\t\t\t\t\t\t\t\t    <div class=\"row_title body-text-small mb-3 me-5\">Raami paksus<\/div>                                            \t\t\t\t\t\t\t\t\t\t\t\t\t\t\t\t\t\t\t\t\t\t\t<div class=\"row_value mb-3\">78 mm<\/div>\t\t\t\t\t\t\t\t\t\t\t\t\t\t\t\t\t\t\t\t\t<\/div>\n\t\t\t\t\t\t\t\t\t\t\t\t\t\t\t\t\t\t\t\t\t\t\t\t\t\t\t\t\t\t\t\t\t\t\t\t\t\t\t\t\t\t\t\t\t<div class=\"d-flex\">\n\t\t\t\t\t\t\t\t\t\t\t                                            \t\t\t\t\t\t\t\t\t\t\t    <div class=\"row_title body-text-small mb-3 me-5\">Klaaspaketi paksus<\/div>                                            \t\t\t\t\t\t\t\t\t\t\t\t\t\t\t\t\t\t\t\t\t\t\t<div class=\"row_value mb-3\">42 mm<\/div>\t\t\t\t\t\t\t\t\t\t\t\t\t\t\t\t\t\t\t\t\t<\/div>\n\t\t\t\t\t\t\t\t\t\t\t\t\t\t\t\t\t\t\t\t\t\t\t\t\t\t\t\t\t\t\t\t\t\t\t\t\t\t\t\t\t\t\t\t\t<div class=\"d-flex\">\n\t\t\t\t\t\t\t\t\t\t\t                                            \t\t\t\t\t\t\t\t\t\t\t    <div class=\"row_title body-text-small mb-3 me-5\">Tooteleht<\/div>                                            \t\t\t\t\t\t\t\t\t\t\t\t\t\t\t\t\t\t\t\t\t\t\t<div class=\"row_value mb-3\"><a class=\"d-flex align-items-center justify-content-start\" href=\"https:\/\/arugrupp.rktv.ee\/wp-content\/uploads\/2023\/08\/AruAL-BD-78-Cora-IN_20162901_vaike.pdf\" target=\"_blank\">Download<\/a><\/div>\t\t\t\t\t\t\t\t\t\t\t\t\t\t\t\t\t\t\t\t\t<\/div>\n\t\t\t\t\t\t\t\t\t\t\t\t\t\t\t\t\t\t\t\t\t\t\t\t\t\t\t\t\t\t<\/div>\n\t\t\t\t\t\t\t\t\t<\/div>\n\t\t\t\t\t<\/div>\n    <\/section>\n","protected":false},"excerpt":{"rendered":"","protected":false},"author":1,"featured_media":2387,"parent":3391,"menu_order":1,"comment_status":"closed","ping_status":"closed","template":"","meta":[],"acf":[],"_links":{"self":[{"href":"https:\/\/arugrupp.rktv.ee\/en\/wp-json\/wp\/v2\/pages\/3397"}],"collection":[{"href":"https:\/\/arugrupp.rktv.ee\/en\/wp-json\/wp\/v2\/pages"}],"about":[{"href":"https:\/\/arugrupp.rktv.ee\/en\/wp-json\/wp\/v2\/types\/page"}],"author":[{"embeddable":true,"href":"https:\/\/arugrupp.rktv.ee\/en\/wp-json\/wp\/v2\/users\/1"}],"replies":[{"embeddable":true,"href":"https:\/\/arugrupp.rktv.ee\/en\/wp-json\/wp\/v2\/comments?post=3397"}],"version-history":[{"count":2,"href":"https:\/\/arugrupp.rktv.ee\/en\/wp-json\/wp\/v2\/pages\/3397\/revisions"}],"predecessor-version":[{"id":3415,"href":"https:\/\/arugrupp.rktv.ee\/en\/wp-json\/wp\/v2\/pages\/3397\/revisions\/3415"}],"up":[{"embeddable":true,"href":"https:\/\/arugrupp.rktv.ee\/en\/wp-json\/wp\/v2\/pages\/3391"}],"wp:featuredmedia":[{"embeddable":true,"href":"https:\/\/arugrupp.rktv.ee\/en\/wp-json\/wp\/v2\/media\/2387"}],"wp:attachment":[{"href":"https:\/\/arugrupp.rktv.ee\/en\/wp-json\/wp\/v2\/media?parent=3397"}],"curies":[{"name":"wp","href":"https:\/\/api.w.org\/{rel}","templated":true}]}}