{"id":3399,"date":"2023-07-25T11:18:22","date_gmt":"2023-07-25T08:18:22","guid":{"rendered":"https:\/\/arugrupp.rktv.ee\/uksed\/roduuksed\/valjapoole-avatavad-puitroduuksed\/"},"modified":"2023-08-08T13:00:46","modified_gmt":"2023-08-08T10:00:46","slug":"outward-opening-wooden-balcony-doors","status":"publish","type":"page","link":"https:\/\/arugrupp.rktv.ee\/en\/doors\/balcony-doors\/outward-opening-wooden-balcony-doors\/","title":{"rendered":"Outward opening wooden balcony doors"},"content":{"rendered":"\n<section class=\"subcategory-intro-block\">\n    <div class=\"container\">\n        <div class=\"row align-items-center\">\n\t\t\t<div class=\"col col-lg-7 col-12\">\n\t\t\t\t<div class=\"taxonomy_content mb-6\">\n\t\t\t\t\t<h1 class=\"mb-5\">Outward opening wooden balcony doors<\/h1>\n\t\t\t\t\t\t\t\t\t\t    <p>V\u00e4ljapoole avanevad aknad ja r\u00f5duuksed on erinevad tooted. R\u00f5duuste raam on laiem ning uksel on tammest l\u00e4vepakk. Number toote nimetuses m\u00e4rgib raami paksust: 60 mm raami mahub kahekihiline klaaspakett ja 78 mm raam mahutab kolmekihilise klaaspaketi. &#8220;Classic&#8221; on rustikaalne profiil. T\u00e4hed BD m\u00e4rgivad r\u00f5duust (<span id=\"result_box\" class=\"short_text\">Balcony Door<\/span>).<\/p>\n\t\t\t\t\t\t\t\t\t\t\t\t\t\t\t\t<div class=\"category_links\">\n\t\t\t\t\t\t\t<div class=\"d-flex flex-wrap\">\n\t\t\t\t\t\t\t\t\t\t\t\t\t\t\t\t\t\t\t\t\t\t\t\t\t\t<a class=\"btn me-4 anchor\" href=\"https:\/\/arugrupp.rktv.ee\/uksed\/roduuksed\/valjapoole-avatavad-puitroduuksed\/#tooted\" target=\"_self\">\n\t\t\t\t\t\t\t\t\t\tVaata tooteid\t\t\t\t\t\t\t\t\t<\/a>\n\t\t\t\t\t\t\t\t\t\t\t\t\t\t\t<\/div>\n\t\t\t\t\t\t<\/div>\n\t\t\t\t\t\t\t\t\t<\/div>\n\t\t\t<\/div>\n\t\t\t\t\t\t\t\t\t\t\t<div class=\"col col-lg-5 col-12 d-flex justify-content-lg-end justify-content-center mt-lg-0 mt-8\">\n                    <div class=\"image_outside_wrap\">\n                        <div class=\"image_wrap\">\n                            <img decoding=\"async\" loading=\"lazy\" src=\"https:\/\/arugrupp.rktv.ee\/wp-content\/uploads\/2023\/08\/pruun-avatud-taanlane-1.jpg\" width=\"201\" height=\"257\" alt=\"\">\n                        <\/div>\n\t\t\t\t\t<\/div>\n\t\t\t\t<\/div>\n\t\t\t\t\t<\/div>\n    <\/div>\n<\/section>\n\n\n<section class=\"subcategory-galleries-block position-relative pt-lg-10 pt-9 bg-white\">\n    \t\t\t\t<div class=\"gallery_wrap overflow-hidden pb-lg-10 pb-9\">\n\t\t\t\t\t\t\t<div class=\"product-subcategory-gallery position-relative overflow-hidden\">\n\t\t\t\t\t<div class=\"swiper-wrapper\">\n\t\t\t\t\t\t\t\t\t\t\t\t\t<div class=\"swiper-slide\">\n\t\t\t\t\t\t\t\t<div class=\"bg-center border-r-20 overflow-hidden mb-lg-4 mb-6\" style=\"background-image:url(https:\/\/arugrupp.rktv.ee\/wp-content\/uploads\/2023\/08\/G_TA_025_large.jpg);\"><\/div>\n\t\t\t\t\t\t\t<\/div>\n\t\t\t\t\t\t\t\t\t\t\t\t\t<div class=\"swiper-slide\">\n\t\t\t\t\t\t\t\t<div class=\"bg-center border-r-20 overflow-hidden mb-lg-4 mb-6\" style=\"background-image:url(https:\/\/arugrupp.rktv.ee\/wp-content\/uploads\/2023\/08\/G_TA_001_large.jpg);\"><\/div>\n\t\t\t\t\t\t\t<\/div>\n\t\t\t\t\t\t\t\t\t\t\t\t\t<div class=\"swiper-slide\">\n\t\t\t\t\t\t\t\t<div class=\"bg-center border-r-20 overflow-hidden mb-lg-4 mb-6\" style=\"background-image:url(https:\/\/arugrupp.rktv.ee\/wp-content\/uploads\/2023\/08\/G_TA_002_large.jpg);\"><\/div>\n\t\t\t\t\t\t\t<\/div>\n\t\t\t\t\t\t\t\t\t\t\t\t\t<div class=\"swiper-slide\">\n\t\t\t\t\t\t\t\t<div class=\"bg-center border-r-20 overflow-hidden mb-lg-4 mb-6\" style=\"background-image:url(https:\/\/arugrupp.rktv.ee\/wp-content\/uploads\/2023\/08\/G_TA_006_large.jpg);\"><\/div>\n\t\t\t\t\t\t\t<\/div>\n\t\t\t\t\t\t\t\t\t\t\t\t\t<div class=\"swiper-slide\">\n\t\t\t\t\t\t\t\t<div class=\"bg-center border-r-20 overflow-hidden mb-lg-4 mb-6\" style=\"background-image:url(https:\/\/arugrupp.rktv.ee\/wp-content\/uploads\/2023\/08\/G_TA_009_large.jpg);\"><\/div>\n\t\t\t\t\t\t\t<\/div>\n\t\t\t\t\t\t\t\t\t\t\t\t\t<div class=\"swiper-slide\">\n\t\t\t\t\t\t\t\t<div class=\"bg-center border-r-20 overflow-hidden mb-lg-4 mb-6\" style=\"background-image:url(https:\/\/arugrupp.rktv.ee\/wp-content\/uploads\/2023\/08\/G_TA_010_large.jpg);\"><\/div>\n\t\t\t\t\t\t\t<\/div>\n\t\t\t\t\t\t\t\t\t\t\t\t\t<div class=\"swiper-slide\">\n\t\t\t\t\t\t\t\t<div class=\"bg-center border-r-20 overflow-hidden mb-lg-4 mb-6\" style=\"background-image:url(https:\/\/arugrupp.rktv.ee\/wp-content\/uploads\/2023\/08\/G_TA_011_large.jpg);\"><\/div>\n\t\t\t\t\t\t\t<\/div>\n\t\t\t\t\t\t\t\t\t\t\t\t\t<div class=\"swiper-slide\">\n\t\t\t\t\t\t\t\t<div class=\"bg-center border-r-20 overflow-hidden mb-lg-4 mb-6\" style=\"background-image:url(https:\/\/arugrupp.rktv.ee\/wp-content\/uploads\/2023\/08\/G_TA_015_large.jpg);\"><\/div>\n\t\t\t\t\t\t\t<\/div>\n\t\t\t\t\t\t\t\t\t\t\t\t\t<div class=\"swiper-slide\">\n\t\t\t\t\t\t\t\t<div class=\"bg-center border-r-20 overflow-hidden mb-lg-4 mb-6\" style=\"background-image:url(https:\/\/arugrupp.rktv.ee\/wp-content\/uploads\/2023\/08\/G_TA_016_large.jpg);\"><\/div>\n\t\t\t\t\t\t\t<\/div>\n\t\t\t\t\t\t\t\t\t\t\t\t\t<div class=\"swiper-slide\">\n\t\t\t\t\t\t\t\t<div class=\"bg-center border-r-20 overflow-hidden mb-lg-4 mb-6\" style=\"background-image:url(https:\/\/arugrupp.rktv.ee\/wp-content\/uploads\/2023\/08\/G_TA_017_large.jpg);\"><\/div>\n\t\t\t\t\t\t\t<\/div>\n\t\t\t\t\t\t\t\t\t\t\t\t\t<div class=\"swiper-slide\">\n\t\t\t\t\t\t\t\t<div class=\"bg-center border-r-20 overflow-hidden mb-lg-4 mb-6\" style=\"background-image:url(https:\/\/arugrupp.rktv.ee\/wp-content\/uploads\/2023\/08\/G_TA_020_large.jpg);\"><\/div>\n\t\t\t\t\t\t\t<\/div>\n\t\t\t\t\t\t\t\t\t\t\t\t\t<div class=\"swiper-slide\">\n\t\t\t\t\t\t\t\t<div class=\"bg-center border-r-20 overflow-hidden mb-lg-4 mb-6\" style=\"background-image:url(https:\/\/arugrupp.rktv.ee\/wp-content\/uploads\/2023\/08\/G_TA_021_large.jpg);\"><\/div>\n\t\t\t\t\t\t\t<\/div>\n\t\t\t\t\t\t\t\t\t\t\t<\/div>\n\t\t\t\t<\/div>\n\t\t\t\t\t\t<div class=\"product-subcategory-gallery-content-wrap\">\n\t\t\t\t<div class=\"container\">\n\t\t\t\t\t<div class=\"row\">\n\t\t\t\t\t\t<div class=\"product-subcategory-gallery-content col col-lg-9 col-12\">\n\t\t\t\t\t\t\t\t\t\t\t\t\t<\/div>\n\t\t\t\t\t<\/div>\n\t\t\t\t<\/div>\n\t\t\t<\/div>\n\t\t<\/div>\n\t\t\t\t\t<div class=\"gallery_wrap overflow-hidden pb-lg-10 pb-9\">\n\t\t\t\t\t\t\t<div class=\"product-subcategory-gallery position-relative overflow-hidden\">\n\t\t\t\t\t<div class=\"swiper-wrapper\">\n\t\t\t\t\t\t\t\t\t\t\t\t\t<div class=\"swiper-slide\">\n\t\t\t\t\t\t\t\t<div class=\"bg-center border-r-20 overflow-hidden mb-lg-4 mb-6\" style=\"background-image:url(https:\/\/arugrupp.rktv.ee\/wp-content\/uploads\/2023\/08\/G_TA_003_large.jpg);\"><\/div>\n\t\t\t\t\t\t\t<\/div>\n\t\t\t\t\t\t\t\t\t\t\t\t\t<div class=\"swiper-slide\">\n\t\t\t\t\t\t\t\t<div class=\"bg-center border-r-20 overflow-hidden mb-lg-4 mb-6\" style=\"background-image:url(https:\/\/arugrupp.rktv.ee\/wp-content\/uploads\/2023\/08\/G_TA_004_large.jpg);\"><\/div>\n\t\t\t\t\t\t\t<\/div>\n\t\t\t\t\t\t\t\t\t\t\t\t\t<div class=\"swiper-slide\">\n\t\t\t\t\t\t\t\t<div class=\"bg-center border-r-20 overflow-hidden mb-lg-4 mb-6\" style=\"background-image:url(https:\/\/arugrupp.rktv.ee\/wp-content\/uploads\/2023\/08\/G_TA_005_large.jpg);\"><\/div>\n\t\t\t\t\t\t\t<\/div>\n\t\t\t\t\t\t\t\t\t\t\t\t\t<div class=\"swiper-slide\">\n\t\t\t\t\t\t\t\t<div class=\"bg-center border-r-20 overflow-hidden mb-lg-4 mb-6\" style=\"background-image:url(https:\/\/arugrupp.rktv.ee\/wp-content\/uploads\/2023\/08\/G_TA_007_large.jpg);\"><\/div>\n\t\t\t\t\t\t\t<\/div>\n\t\t\t\t\t\t\t\t\t\t\t\t\t<div class=\"swiper-slide\">\n\t\t\t\t\t\t\t\t<div class=\"bg-center border-r-20 overflow-hidden mb-lg-4 mb-6\" style=\"background-image:url(https:\/\/arugrupp.rktv.ee\/wp-content\/uploads\/2023\/08\/G_TA_008_large.jpg);\"><\/div>\n\t\t\t\t\t\t\t<\/div>\n\t\t\t\t\t\t\t\t\t\t\t\t\t<div class=\"swiper-slide\">\n\t\t\t\t\t\t\t\t<div class=\"bg-center border-r-20 overflow-hidden mb-lg-4 mb-6\" style=\"background-image:url(https:\/\/arugrupp.rktv.ee\/wp-content\/uploads\/2023\/08\/G_TA_012_large.jpg);\"><\/div>\n\t\t\t\t\t\t\t<\/div>\n\t\t\t\t\t\t\t\t\t\t\t\t\t<div class=\"swiper-slide\">\n\t\t\t\t\t\t\t\t<div class=\"bg-center border-r-20 overflow-hidden mb-lg-4 mb-6\" style=\"background-image:url(https:\/\/arugrupp.rktv.ee\/wp-content\/uploads\/2023\/08\/G_TA_014_large.jpg);\"><\/div>\n\t\t\t\t\t\t\t<\/div>\n\t\t\t\t\t\t\t\t\t\t\t\t\t<div class=\"swiper-slide\">\n\t\t\t\t\t\t\t\t<div class=\"bg-center border-r-20 overflow-hidden mb-lg-4 mb-6\" style=\"background-image:url(https:\/\/arugrupp.rktv.ee\/wp-content\/uploads\/2023\/08\/G_TA_018_large.jpg);\"><\/div>\n\t\t\t\t\t\t\t<\/div>\n\t\t\t\t\t\t\t\t\t\t\t\t\t<div class=\"swiper-slide\">\n\t\t\t\t\t\t\t\t<div class=\"bg-center border-r-20 overflow-hidden mb-lg-4 mb-6\" style=\"background-image:url(https:\/\/arugrupp.rktv.ee\/wp-content\/uploads\/2023\/08\/G_TA_019_large.jpg);\"><\/div>\n\t\t\t\t\t\t\t<\/div>\n\t\t\t\t\t\t\t\t\t\t\t\t\t<div class=\"swiper-slide\">\n\t\t\t\t\t\t\t\t<div class=\"bg-center border-r-20 overflow-hidden mb-lg-4 mb-6\" style=\"background-image:url(https:\/\/arugrupp.rktv.ee\/wp-content\/uploads\/2023\/08\/G_TA_022_large.jpg);\"><\/div>\n\t\t\t\t\t\t\t<\/div>\n\t\t\t\t\t\t\t\t\t\t\t\t\t<div class=\"swiper-slide\">\n\t\t\t\t\t\t\t\t<div class=\"bg-center border-r-20 overflow-hidden mb-lg-4 mb-6\" style=\"background-image:url(https:\/\/arugrupp.rktv.ee\/wp-content\/uploads\/2023\/08\/G_TA_023_large.jpg);\"><\/div>\n\t\t\t\t\t\t\t<\/div>\n\t\t\t\t\t\t\t\t\t\t\t\t\t<div class=\"swiper-slide\">\n\t\t\t\t\t\t\t\t<div class=\"bg-center border-r-20 overflow-hidden mb-lg-4 mb-6\" style=\"background-image:url(https:\/\/arugrupp.rktv.ee\/wp-content\/uploads\/2023\/08\/G_TA_024_large.jpg);\"><\/div>\n\t\t\t\t\t\t\t<\/div>\n\t\t\t\t\t\t\t\t\t\t\t<\/div>\n\t\t\t\t<\/div>\n\t\t\t\t\t\t<div class=\"product-subcategory-gallery-content-wrap\">\n\t\t\t\t<div class=\"container\">\n\t\t\t\t\t<div class=\"row\">\n\t\t\t\t\t\t<div class=\"product-subcategory-gallery-content col col-lg-9 col-12\">\n\t\t\t\t\t\t\t\t\t\t\t\t\t<\/div>\n\t\t\t\t\t<\/div>\n\t\t\t\t<\/div>\n\t\t\t<\/div>\n\t\t<\/div>\n\t<\/section>\n\n\n    <section class=\"subcategory-products-block\" data-anchor=\"tooted\">\n        <div class=\"container pt-lg-10 pt-9 pb-8\">\n            <h2 class=\"mb-lg-9 mb-5\">Products<\/h2>\n            <div class=\"row gx-lg-4 gx-3\">\n                                                        <div class=\"product col col-lg-3 col-6 mb-lg-8 mb-5\">\n                        <a class=\"product-link d-flex flex-column align-items-center justify-content-start\" href=\"https:\/\/arugrupp.rktv.ee\/en\/door\/aru-bd-60-classic-ex\/\">\n                            <div class=\"image_wrap position-relative mb-2\">\n                                                                                                        <img decoding=\"async\" loading=\"lazy\" class=\"position-absolute top-0 start-0 w100 h100\" src=\"https:\/\/arugrupp.rktv.ee\/wp-content\/uploads\/2023\/08\/BD-60-classic_06_large.jpg\" width=\"507\" height=\"600\" alt=\"\">\n                                                            <\/div>\n                            <p class=\"mb-0 text-center\">Aru BD 60 Classic EX<\/p>\n                        <\/a>\n                    <\/div>\n                                                        <div class=\"product col col-lg-3 col-6 mb-lg-8 mb-5\">\n                        <a class=\"product-link d-flex flex-column align-items-center justify-content-start\" href=\"https:\/\/arugrupp.rktv.ee\/en\/door\/aru-bd-78-modern-ex\/\">\n                            <div class=\"image_wrap position-relative mb-2\">\n                                                                                                        <img decoding=\"async\" loading=\"lazy\" class=\"position-absolute top-0 start-0 w100 h100\" src=\"https:\/\/arugrupp.rktv.ee\/wp-content\/uploads\/2023\/08\/aruBD78_softline_EX_004.jpg\" width=\"165\" height=\"192\" alt=\"\">\n                                                            <\/div>\n                            <p class=\"mb-0 text-center\">Aru BD 78 Modern EX<\/p>\n                        <\/a>\n                    <\/div>\n                            <\/div>\n        <\/div>\n    <\/section>\n\n\n\n    <section class=\"technical-parameters-block position-relative pt-lg-10 py-9\">\n        <div class=\"container\">\n\t\t\t<h2 class=\"mb-lg-9 mb-5\">Technical data<\/h2>\n\t\t\t<div class=\"w100 d-lg-block d-none\">\n\t\t\t\t<table class=\"w100 text-start\">\n\t\t\t\t\t\t\t\t\t\t\t<thead>\n\t\t\t\t\t\t\t<tr>\n\t\t\t\t\t\t\t\t\t\t\t\t\t\t\t\t\t\t\t\t\t\t\t\t\t\t<th class=\"pb-2 body-text-small\">Ukse t\u00fc\u00fcp<\/th>\t\t\t\t\t\t\t\t\t\t\t\t\t\t\t\t\t\t\t\t\t\t\t\t\t\t<th class=\"pb-2 body-text-small\">Lengi laius<\/th>\t\t\t\t\t\t\t\t\t\t\t\t\t\t\t\t\t\t\t\t\t\t\t\t\t\t<th class=\"pb-2 body-text-small\">Raami paksus<\/th>\t\t\t\t\t\t\t\t\t\t\t\t\t\t\t\t\t\t\t\t\t\t\t\t\t\t<th class=\"pb-2 body-text-small\">Klaaspaketi paksus<\/th>\t\t\t\t\t\t\t\t\t\t\t\t\t\t\t\t\t\t\t\t\t\t\t\t\t\t<th class=\"pb-2 body-text-small\">Tooteleht<\/th>\t\t\t\t\t\t\t\t\t\t\t\t\t\t\t<\/tr>\n\t\t\t\t\t\t<\/thead>\n\t\t\t\t\t\t\t\t\t\t\t\t\t\t\t\t<tbody>\n\t\t\t\t\t\t\t\t\t\t\t\t\t\t\t\t\t\t\t\t\t\t\t<tr>\n\t\t\t\t\t\t\t\t\t\t\t\t\t\t\t\t\t\t\t\t\t\t\t\t\t\t\t\t\t\t\t\t\t\t\t\t\t\t\t\t\t\t\t\t\t\t\t\t\t\t\t\t\t<td><a class=\"product\" href=\"https:\/\/arugrupp.rktv.ee\/door\/aru-bd-60-classic-ex\/\" target=\"_blank\">Aru BD 60 Classic EX<\/a><\/td>\t\t\t\t\t\t\t\t\t\t\t\t\t\t\t\t\t\t\t\t\t\t\t\t\t\t\t\t\t\t\t\t\t\t\t\t\t\t\t\t\t\t\t\t\t\t\t\t\t\t\t\t\t\t\t<td>115 mm<\/td>\t\t\t\t\t\t\t\t\t\t\t\t\t\t\t\t\t\t\t\t\t\t\t\t\t\t\t\t\t\t\t\t\t\t\t\t\t\t\t\t\t\t\t\t\t\t\t\t\t\t\t\t\t\t<td>60 mm<\/td>\t\t\t\t\t\t\t\t\t\t\t\t\t\t\t\t\t\t\t\t\t\t\t\t\t\t\t\t\t\t\t\t\t\t\t\t\t\t\t\t\t\t\t\t\t\t\t\t\t\t\t\t\t\t<td>26 mm<\/td>\t\t\t\t\t\t\t\t\t\t\t\t\t\t\t\t\t\t\t\t\t\t\t\t\t\t\t\t\t\t\t\t\t\t\t\t\t\t\t\t\t\t\t\t\t\t\t\t\t\t\t\t\t\t<td><a class=\"file d-flex align-items-center justify-content-start\" href=\"https:\/\/arugrupp.rktv.ee\/wp-content\/uploads\/2023\/08\/Aru-BD-60-CLASSIC-EX_20162801_vaike.pdf\" target=\"_blank\">Download<\/a><\/td>\t\t\t\t\t\t\t\t\t\t\t\t\t\t\t\t\t\t\t\t\t\t\t\t\t\t\t\t\t\t\t\t\t\t\t\t\t\t<\/tr>\n\t\t\t\t\t\t\t\t\t\t\t\t\t\t\t\t\t\t\t\t\t\t\t<tr>\n\t\t\t\t\t\t\t\t\t\t\t\t\t\t\t\t\t\t\t\t\t\t\t\t\t\t\t\t\t\t\t\t\t\t\t\t\t\t\t\t\t\t\t\t\t\t\t\t\t\t\t\t\t<td><a class=\"product\" href=\"https:\/\/arugrupp.rktv.ee\/door\/aru-bd-78-modern-ex\/\" target=\"_blank\">Aru BD 78 Modern EX<\/a><\/td>\t\t\t\t\t\t\t\t\t\t\t\t\t\t\t\t\t\t\t\t\t\t\t\t\t\t\t\t\t\t\t\t\t\t\t\t\t\t\t\t\t\t\t\t\t\t\t\t\t\t\t\t\t\t\t<td>115 mm<\/td>\t\t\t\t\t\t\t\t\t\t\t\t\t\t\t\t\t\t\t\t\t\t\t\t\t\t\t\t\t\t\t\t\t\t\t\t\t\t\t\t\t\t\t\t\t\t\t\t\t\t\t\t\t\t<td>78 mm<\/td>\t\t\t\t\t\t\t\t\t\t\t\t\t\t\t\t\t\t\t\t\t\t\t\t\t\t\t\t\t\t\t\t\t\t\t\t\t\t\t\t\t\t\t\t\t\t\t\t\t\t\t\t\t\t<td>44 mm<\/td>\t\t\t\t\t\t\t\t\t\t\t\t\t\t\t\t\t\t\t\t\t\t\t\t\t\t\t\t\t\t\t\t\t\t\t\t\t\t\t\t\t\t\t\t\t\t\t\t\t\t\t\t\t\t<td><a class=\"file d-flex align-items-center justify-content-start\" href=\"https:\/\/arugrupp.rktv.ee\/wp-content\/uploads\/2023\/08\/Aru-BD-S-78-Modern-EX.pdf\" target=\"_blank\">Download<\/a><\/td>\t\t\t\t\t\t\t\t\t\t\t\t\t\t\t\t\t\t\t\t\t\t\t\t\t\t\t\t\t\t\t\t\t\t\t\t\t\t<\/tr>\n\t\t\t\t\t\t\t\t\t\t\t\t\t<\/tbody>\n\t\t\t\t\t\t\t\t\t<\/table>\n\t\t\t<\/div>\n\t\t\t\t\t\t\t<div class=\"mobile_parameters d-lg-none d-block\">\n\t\t\t\t\t\t\t\t\t\t\t\t\t\t\t\t\t<div class=\"technical_parameter py-5\">\n\t\t\t\t\t\t\t\t\t\t\t\t\t\t\t\t\t\t\t\t\t\t\t\t\t\t\t\t\t\t\t\t\t\t\t\t\t\t\t\t\t\t<div class=\"title_value mb-4\"><a class=\"product\" href=\"https:\/\/arugrupp.rktv.ee\/door\/aru-bd-60-classic-ex\/\" target=\"_blank\">Aru BD 60 Classic EX<\/a><\/div>\t\t\t\t\t\t\t\t\t\t\t\t\t\t\t\t\t\t\t\t\t\t\t\t\t\t\t\t\t\t\t\t\t\t\t\t\t\t\t\t\t\t\t\t\t\t\t\t\t\t\t\t\t\t\t\t\t\t\t\t\t\t\t\t\t\t\t\t\t\t\t\t\t\t\t\t\t\t\t\t\t\t\t\t\t\t\t\t\t\t\t\t\t\t\t\t\t\t\t\t\t\t\t\t\t\t\t\t\t\t\t\t\t\t\t\t\t\t\t\t\t\t\t\t\t\t\t\t\t\t\t\t\t\t\t\t\t\t\t\t\t\t\t\t\t\t\t\t\t\t\t\t\t\t\t\t\t\t\t\t\t\t\t\t\t\t\t\t\t\t\t\t\t\t\t\t\t\t\t\t\t\t\t\t\t\t\t\t\t\t\t\t\t\t\t\t\t\t\t\t\t\t\t\t\t\t\t\t\t\t\t\t\t\t\t\t\t\t\t\t\t\t\t\t<div class=\"d-flex\">\n\t\t\t\t\t\t\t\t\t\t\t                                            \t\t\t\t\t\t\t\t\t\t\t    <div class=\"row_title body-text-small mb-3 me-5\">Lengi laius<\/div>                                            \t\t\t\t\t\t\t\t\t\t\t\t\t\t\t\t\t\t\t\t\t\t\t<div class=\"row_value mb-3\">115 mm<\/div>\t\t\t\t\t\t\t\t\t\t\t\t\t\t\t\t\t\t\t\t\t<\/div>\n\t\t\t\t\t\t\t\t\t\t\t\t\t\t\t\t\t\t\t\t\t\t\t\t\t\t\t\t\t\t\t\t\t\t\t\t\t\t\t\t\t\t\t\t\t<div class=\"d-flex\">\n\t\t\t\t\t\t\t\t\t\t\t                                            \t\t\t\t\t\t\t\t\t\t\t    <div class=\"row_title body-text-small mb-3 me-5\">Raami paksus<\/div>                                            \t\t\t\t\t\t\t\t\t\t\t\t\t\t\t\t\t\t\t\t\t\t\t<div class=\"row_value mb-3\">60 mm<\/div>\t\t\t\t\t\t\t\t\t\t\t\t\t\t\t\t\t\t\t\t\t<\/div>\n\t\t\t\t\t\t\t\t\t\t\t\t\t\t\t\t\t\t\t\t\t\t\t\t\t\t\t\t\t\t\t\t\t\t\t\t\t\t\t\t\t\t\t\t\t<div class=\"d-flex\">\n\t\t\t\t\t\t\t\t\t\t\t                                            \t\t\t\t\t\t\t\t\t\t\t    <div class=\"row_title body-text-small mb-3 me-5\">Klaaspaketi paksus<\/div>                                            \t\t\t\t\t\t\t\t\t\t\t\t\t\t\t\t\t\t\t\t\t\t\t<div class=\"row_value mb-3\">26 mm<\/div>\t\t\t\t\t\t\t\t\t\t\t\t\t\t\t\t\t\t\t\t\t<\/div>\n\t\t\t\t\t\t\t\t\t\t\t\t\t\t\t\t\t\t\t\t\t\t\t\t\t\t\t\t\t\t\t\t\t\t\t\t\t\t\t\t\t\t\t\t\t<div class=\"d-flex\">\n\t\t\t\t\t\t\t\t\t\t\t                                            \t\t\t\t\t\t\t\t\t\t\t    <div class=\"row_title body-text-small mb-3 me-5\">Tooteleht<\/div>                                            \t\t\t\t\t\t\t\t\t\t\t\t\t\t\t\t\t\t\t\t\t\t\t<div class=\"row_value mb-3\"><a class=\"d-flex align-items-center justify-content-start\" href=\"https:\/\/arugrupp.rktv.ee\/wp-content\/uploads\/2023\/08\/Aru-BD-60-CLASSIC-EX_20162801_vaike.pdf\" target=\"_blank\">Download<\/a><\/div>\t\t\t\t\t\t\t\t\t\t\t\t\t\t\t\t\t\t\t\t\t<\/div>\n\t\t\t\t\t\t\t\t\t\t\t\t\t\t\t\t\t\t\t\t\t\t\t\t\t\t\t\t\t\t<\/div>\n\t\t\t\t\t\t\t\t\t\t\t\t\t\t\t\t\t<div class=\"technical_parameter py-5\">\n\t\t\t\t\t\t\t\t\t\t\t\t\t\t\t\t\t\t\t\t\t\t\t\t\t\t\t\t\t\t\t\t\t\t\t\t\t\t\t\t\t\t<div class=\"title_value mb-4\"><a class=\"product\" href=\"https:\/\/arugrupp.rktv.ee\/door\/aru-bd-78-modern-ex\/\" target=\"_blank\">Aru BD 78 Modern EX<\/a><\/div>\t\t\t\t\t\t\t\t\t\t\t\t\t\t\t\t\t\t\t\t\t\t\t\t\t\t\t\t\t\t\t\t\t\t\t\t\t\t\t\t\t\t\t\t\t\t\t\t\t\t\t\t\t\t\t\t\t\t\t\t\t\t\t\t\t\t\t\t\t\t\t\t\t\t\t\t\t\t\t\t\t\t\t\t\t\t\t\t\t\t\t\t\t\t\t\t\t\t\t\t\t\t\t\t\t\t\t\t\t\t\t\t\t\t\t\t\t\t\t\t\t\t\t\t\t\t\t\t\t\t\t\t\t\t\t\t\t\t\t\t\t\t\t\t\t\t\t\t\t\t\t\t\t\t\t\t\t\t\t\t\t\t\t\t\t\t\t\t\t\t\t\t\t\t\t\t\t\t\t\t\t\t\t\t\t\t\t\t\t\t\t\t\t\t\t\t\t\t\t\t\t\t\t\t\t\t\t\t\t\t\t\t\t\t\t\t\t\t\t\t\t\t\t\t<div class=\"d-flex\">\n\t\t\t\t\t\t\t\t\t\t\t                                            \t\t\t\t\t\t\t\t\t\t\t    <div class=\"row_title body-text-small mb-3 me-5\">Lengi laius<\/div>                                            \t\t\t\t\t\t\t\t\t\t\t\t\t\t\t\t\t\t\t\t\t\t\t<div class=\"row_value mb-3\">115 mm<\/div>\t\t\t\t\t\t\t\t\t\t\t\t\t\t\t\t\t\t\t\t\t<\/div>\n\t\t\t\t\t\t\t\t\t\t\t\t\t\t\t\t\t\t\t\t\t\t\t\t\t\t\t\t\t\t\t\t\t\t\t\t\t\t\t\t\t\t\t\t\t<div class=\"d-flex\">\n\t\t\t\t\t\t\t\t\t\t\t                                            \t\t\t\t\t\t\t\t\t\t\t    <div class=\"row_title body-text-small mb-3 me-5\">Raami paksus<\/div>                                            \t\t\t\t\t\t\t\t\t\t\t\t\t\t\t\t\t\t\t\t\t\t\t<div class=\"row_value mb-3\">78 mm<\/div>\t\t\t\t\t\t\t\t\t\t\t\t\t\t\t\t\t\t\t\t\t<\/div>\n\t\t\t\t\t\t\t\t\t\t\t\t\t\t\t\t\t\t\t\t\t\t\t\t\t\t\t\t\t\t\t\t\t\t\t\t\t\t\t\t\t\t\t\t\t<div class=\"d-flex\">\n\t\t\t\t\t\t\t\t\t\t\t                                            \t\t\t\t\t\t\t\t\t\t\t    <div class=\"row_title body-text-small mb-3 me-5\">Klaaspaketi paksus<\/div>                                            \t\t\t\t\t\t\t\t\t\t\t\t\t\t\t\t\t\t\t\t\t\t\t<div class=\"row_value mb-3\">44 mm<\/div>\t\t\t\t\t\t\t\t\t\t\t\t\t\t\t\t\t\t\t\t\t<\/div>\n\t\t\t\t\t\t\t\t\t\t\t\t\t\t\t\t\t\t\t\t\t\t\t\t\t\t\t\t\t\t\t\t\t\t\t\t\t\t\t\t\t\t\t\t\t<div class=\"d-flex\">\n\t\t\t\t\t\t\t\t\t\t\t                                            \t\t\t\t\t\t\t\t\t\t\t    <div class=\"row_title body-text-small mb-3 me-5\">Tooteleht<\/div>                                            \t\t\t\t\t\t\t\t\t\t\t\t\t\t\t\t\t\t\t\t\t\t\t<div class=\"row_value mb-3\"><a class=\"d-flex align-items-center justify-content-start\" href=\"https:\/\/arugrupp.rktv.ee\/wp-content\/uploads\/2023\/08\/Aru-BD-S-78-Modern-EX.pdf\" target=\"_blank\">Download<\/a><\/div>\t\t\t\t\t\t\t\t\t\t\t\t\t\t\t\t\t\t\t\t\t<\/div>\n\t\t\t\t\t\t\t\t\t\t\t\t\t\t\t\t\t\t\t\t\t\t\t\t\t\t\t\t\t\t<\/div>\n\t\t\t\t\t\t\t\t\t<\/div>\n\t\t\t\t\t<\/div>\n    <\/section>\n","protected":false},"excerpt":{"rendered":"","protected":false},"author":1,"featured_media":1910,"parent":3391,"menu_order":3,"comment_status":"closed","ping_status":"closed","template":"","meta":[],"acf":[],"_links":{"self":[{"href":"https:\/\/arugrupp.rktv.ee\/en\/wp-json\/wp\/v2\/pages\/3399"}],"collection":[{"href":"https:\/\/arugrupp.rktv.ee\/en\/wp-json\/wp\/v2\/pages"}],"about":[{"href":"https:\/\/arugrupp.rktv.ee\/en\/wp-json\/wp\/v2\/types\/page"}],"author":[{"embeddable":true,"href":"https:\/\/arugrupp.rktv.ee\/en\/wp-json\/wp\/v2\/users\/1"}],"replies":[{"embeddable":true,"href":"https:\/\/arugrupp.rktv.ee\/en\/wp-json\/wp\/v2\/comments?post=3399"}],"version-history":[{"count":2,"href":"https:\/\/arugrupp.rktv.ee\/en\/wp-json\/wp\/v2\/pages\/3399\/revisions"}],"predecessor-version":[{"id":3414,"href":"https:\/\/arugrupp.rktv.ee\/en\/wp-json\/wp\/v2\/pages\/3399\/revisions\/3414"}],"up":[{"embeddable":true,"href":"https:\/\/arugrupp.rktv.ee\/en\/wp-json\/wp\/v2\/pages\/3391"}],"wp:featuredmedia":[{"embeddable":true,"href":"https:\/\/arugrupp.rktv.ee\/en\/wp-json\/wp\/v2\/media\/1910"}],"wp:attachment":[{"href":"https:\/\/arugrupp.rktv.ee\/en\/wp-json\/wp\/v2\/media?parent=3399"}],"curies":[{"name":"wp","href":"https:\/\/api.w.org\/{rel}","templated":true}]}}