{"id":3401,"date":"2023-07-25T11:18:43","date_gmt":"2023-07-25T08:18:43","guid":{"rendered":"https:\/\/arugrupp.rktv.ee\/uksed\/roduuksed\/valjapoole-avatavad-puitalumiiniumroduuksed\/"},"modified":"2023-08-08T13:01:11","modified_gmt":"2023-08-08T10:01:11","slug":"outward-opening-wood-aluminium-balcony-doors","status":"publish","type":"page","link":"https:\/\/arugrupp.rktv.ee\/en\/doors\/balcony-doors\/outward-opening-wood-aluminium-balcony-doors\/","title":{"rendered":"Outward opening wood-aluminium balcony doors"},"content":{"rendered":"\n<section class=\"subcategory-intro-block\">\n    <div class=\"container\">\n        <div class=\"row align-items-center\">\n\t\t\t<div class=\"col col-lg-7 col-12\">\n\t\t\t\t<div class=\"taxonomy_content mb-6\">\n\t\t\t\t\t<h1 class=\"mb-5\">Outward opening wood-aluminium balcony doors<\/h1>\n\t\t\t\t\t\t\t\t\t\t    <p>V\u00e4ljapoole avanevad aknad ja r\u00f5duuksed on erinevad tooted. R\u00f5duuste raam on laiem ning uksel on tammest l\u00e4vepakk.<\/p>\n<p>&#8220;Nordwin&#8221; on kattealumiiniumi profiilide nimetus.<\/p>\n<p>Number toote nimetuses m\u00e4rgib raami paksust: 60mm raami mahub kahekihiline klaaspakett.<\/p>\n<p>&#8220;Classic&#8221; on rustikaalne profiil ja &#8220;Modern&#8221; modernne, kandiline profiil.<\/p>\n<p>T\u00e4hed BD m\u00e4rgivad r\u00f5duust (Balcony door).<\/p>\n\t\t\t\t\t\t\t\t\t\t\t\t\t\t\t\t<div class=\"category_links\">\n\t\t\t\t\t\t\t<div class=\"d-flex flex-wrap\">\n\t\t\t\t\t\t\t\t\t\t\t\t\t\t\t\t\t\t\t\t\t\t\t\t\t\t<a class=\"btn me-4 anchor\" href=\"https:\/\/arugrupp.rktv.ee\/uksed\/roduuksed\/valjapoole-avatavad-puitalumiiniumroduuksed\/#tooted\" target=\"_self\">\n\t\t\t\t\t\t\t\t\t\tVaata tooteid\t\t\t\t\t\t\t\t\t<\/a>\n\t\t\t\t\t\t\t\t\t\t\t\t\t\t\t<\/div>\n\t\t\t\t\t\t<\/div>\n\t\t\t\t\t\t\t\t\t<\/div>\n\t\t\t<\/div>\n\t\t\t\t\t\t\t\t\t\t\t<div class=\"col col-lg-5 col-12 d-flex justify-content-lg-end justify-content-center mt-lg-0 mt-8\">\n                    <div class=\"image_outside_wrap\">\n                        <div class=\"image_wrap\">\n                            <img decoding=\"async\" loading=\"lazy\" src=\"https:\/\/arugrupp.rktv.ee\/wp-content\/uploads\/2023\/08\/aruAL60_nordwind_001_vv.jpg\" width=\"216\" height=\"286\" alt=\"\">\n                        <\/div>\n\t\t\t\t\t<\/div>\n\t\t\t\t<\/div>\n\t\t\t\t\t<\/div>\n    <\/div>\n<\/section>\n\n\n    <section class=\"subcategory-products-block\" data-anchor=\"tooted\">\n        <div class=\"container pt-lg-10 pt-9 pb-8\">\n            <h2 class=\"mb-lg-9 mb-5\">Products<\/h2>\n            <div class=\"row gx-lg-4 gx-3\">\n                                                        <div class=\"product col col-lg-3 col-6 mb-lg-8 mb-5\">\n                        <a class=\"product-link d-flex flex-column align-items-center justify-content-start\" href=\"https:\/\/arugrupp.rktv.ee\/en\/door\/arual-bd-60-nordwin-classic-ex\/\">\n                            <div class=\"image_wrap position-relative mb-2\">\n                                                                                                        <img decoding=\"async\" loading=\"lazy\" class=\"position-absolute top-0 start-0 w100 h100\" src=\"https:\/\/arugrupp.rktv.ee\/wp-content\/uploads\/2023\/08\/aruAL_BD_nordwind_EX_002.jpg\" width=\"92\" height=\"142\" alt=\"\">\n                                                            <\/div>\n                            <p class=\"mb-0 text-center\">AruAL BD 60 NORDWIN Classic EX<\/p>\n                        <\/a>\n                    <\/div>\n                                                        <div class=\"product col col-lg-3 col-6 mb-lg-8 mb-5\">\n                        <a class=\"product-link d-flex flex-column align-items-center justify-content-start\" href=\"https:\/\/arugrupp.rktv.ee\/en\/door\/arual-bd-60-nordwin-modern-ex\/\">\n                            <div class=\"image_wrap position-relative mb-2\">\n                                                                                                        <img decoding=\"async\" loading=\"lazy\" class=\"position-absolute top-0 start-0 w100 h100\" src=\"https:\/\/arugrupp.rktv.ee\/wp-content\/uploads\/2023\/08\/aruAL-BD-60-classic_04.jpg\" width=\"94\" height=\"145\" alt=\"\">\n                                                            <\/div>\n                            <p class=\"mb-0 text-center\">AruAL BD 60 NORDWIN Modern EX<\/p>\n                        <\/a>\n                    <\/div>\n                                                        <div class=\"product col col-lg-3 col-6 mb-lg-8 mb-5\">\n                        <a class=\"product-link d-flex flex-column align-items-center justify-content-start\" href=\"https:\/\/arugrupp.rktv.ee\/en\/door\/arual-bd-78-nordwin-modern-ex\/\">\n                            <div class=\"image_wrap position-relative mb-2\">\n                                                                                                        <img decoding=\"async\" loading=\"lazy\" class=\"position-absolute top-0 start-0 w100 h100\" src=\"https:\/\/arugrupp.rktv.ee\/wp-content\/uploads\/2023\/08\/aruAL_BD_nordwind_EX_004-1_large-1-1.jpg\" width=\"406\" height=\"600\" alt=\"\">\n                                                            <\/div>\n                            <p class=\"mb-0 text-center\">AruAL BD 78 Nordwin Modern EX<\/p>\n                        <\/a>\n                    <\/div>\n                            <\/div>\n        <\/div>\n    <\/section>\n\n\n\n    <section class=\"technical-parameters-block position-relative pt-lg-10 py-9\">\n        <div class=\"container\">\n\t\t\t<h2 class=\"mb-lg-9 mb-5\">Technical data<\/h2>\n\t\t\t<div class=\"w100 d-lg-block d-none\">\n\t\t\t\t<table class=\"w100 text-start\">\n\t\t\t\t\t\t\t\t\t\t\t<thead>\n\t\t\t\t\t\t\t<tr>\n\t\t\t\t\t\t\t\t\t\t\t\t\t\t\t\t\t\t\t\t\t\t\t\t\t\t<th class=\"pb-2 body-text-small\">Ukse t\u00fc\u00fcp<\/th>\t\t\t\t\t\t\t\t\t\t\t\t\t\t\t\t\t\t\t\t\t\t\t\t\t\t<th class=\"pb-2 body-text-small\">Lengi laius<\/th>\t\t\t\t\t\t\t\t\t\t\t\t\t\t\t\t\t\t\t\t\t\t\t\t\t\t<th class=\"pb-2 body-text-small\">Raami paksus<\/th>\t\t\t\t\t\t\t\t\t\t\t\t\t\t\t\t\t\t\t\t\t\t\t\t\t\t<th class=\"pb-2 body-text-small\">Klaaspaketi paksus<\/th>\t\t\t\t\t\t\t\t\t\t\t\t\t\t\t\t\t\t\t\t\t\t\t\t\t\t<th class=\"pb-2 body-text-small\">Tooteleht<\/th>\t\t\t\t\t\t\t\t\t\t\t\t\t\t\t<\/tr>\n\t\t\t\t\t\t<\/thead>\n\t\t\t\t\t\t\t\t\t\t\t\t\t\t\t\t<tbody>\n\t\t\t\t\t\t\t\t\t\t\t\t\t\t\t\t\t\t\t\t\t\t\t<tr>\n\t\t\t\t\t\t\t\t\t\t\t\t\t\t\t\t\t\t\t\t\t\t\t\t\t\t\t\t\t\t\t\t\t\t\t\t\t\t\t\t\t\t\t\t\t\t\t\t\t\t\t\t\t<td><a class=\"product\" href=\"https:\/\/arugrupp.rktv.ee\/door\/arual-bd-60-nordwin-classic-ex\/\" target=\"_blank\">AruAL BD 60 NORDWIN Classic EX<\/a><\/td>\t\t\t\t\t\t\t\t\t\t\t\t\t\t\t\t\t\t\t\t\t\t\t\t\t\t\t\t\t\t\t\t\t\t\t\t\t\t\t\t\t\t\t\t\t\t\t\t\t\t\t\t\t\t\t<td>115 mm + alu 12,5mm<\/td>\t\t\t\t\t\t\t\t\t\t\t\t\t\t\t\t\t\t\t\t\t\t\t\t\t\t\t\t\t\t\t\t\t\t\t\t\t\t\t\t\t\t\t\t\t\t\t\t\t\t\t\t\t\t<td>60 mm + alu 12,5mm\t<\/td>\t\t\t\t\t\t\t\t\t\t\t\t\t\t\t\t\t\t\t\t\t\t\t\t\t\t\t\t\t\t\t\t\t\t\t\t\t\t\t\t\t\t\t\t\t\t\t\t\t\t\t\t\t\t<td>26mm<\/td>\t\t\t\t\t\t\t\t\t\t\t\t\t\t\t\t\t\t\t\t\t\t\t\t\t\t\t\t\t\t\t\t\t\t\t\t\t\t\t\t\t\t\t\t\t\t\t\t\t\t\t\t\t\t<td><a class=\"file d-flex align-items-center justify-content-start\" href=\"https:\/\/arugrupp.rktv.ee\/wp-content\/uploads\/2023\/08\/AruAL-BD-S-60-Nordwin-EX_202303.pdf\" target=\"_blank\">Download<\/a><\/td>\t\t\t\t\t\t\t\t\t\t\t\t\t\t\t\t\t\t\t\t\t\t\t\t\t\t\t\t\t\t\t\t\t\t\t\t\t\t<\/tr>\n\t\t\t\t\t\t\t\t\t\t\t\t\t\t\t\t\t\t\t\t\t\t\t<tr>\n\t\t\t\t\t\t\t\t\t\t\t\t\t\t\t\t\t\t\t\t\t\t\t\t\t\t\t\t\t\t\t\t\t\t\t\t\t\t\t\t\t\t\t\t\t\t\t\t\t\t\t\t\t<td><a class=\"product\" href=\"https:\/\/arugrupp.rktv.ee\/door\/arual-bd-60-nordwin-modern-ex\/\" target=\"_blank\">AruAL BD 60 NORDWIN Modern EX<\/a><\/td>\t\t\t\t\t\t\t\t\t\t\t\t\t\t\t\t\t\t\t\t\t\t\t\t\t\t\t\t\t\t\t\t\t\t\t\t\t\t\t\t\t\t\t\t\t\t\t\t\t\t\t\t\t\t\t<td>115mm + alu 12,5mm<\/td>\t\t\t\t\t\t\t\t\t\t\t\t\t\t\t\t\t\t\t\t\t\t\t\t\t\t\t\t\t\t\t\t\t\t\t\t\t\t\t\t\t\t\t\t\t\t\t\t\t\t\t\t\t\t<td>60mm + alu 12,5mm<\/td>\t\t\t\t\t\t\t\t\t\t\t\t\t\t\t\t\t\t\t\t\t\t\t\t\t\t\t\t\t\t\t\t\t\t\t\t\t\t\t\t\t\t\t\t\t\t\t\t\t\t\t\t\t\t<td>26mm<\/td>\t\t\t\t\t\t\t\t\t\t\t\t\t\t\t\t\t\t\t\t\t\t\t\t\t\t\t\t\t\t\t\t\t\t\t\t\t\t\t\t\t\t\t\t\t\t\t\t\t\t\t\t\t\t<td><a class=\"file d-flex align-items-center justify-content-start\" href=\"https:\/\/arugrupp.rktv.ee\/wp-content\/uploads\/2023\/08\/AruAL-BD-S-60-Nordwin-EX_202303-1.pdf\" target=\"_blank\">Download<\/a><\/td>\t\t\t\t\t\t\t\t\t\t\t\t\t\t\t\t\t\t\t\t\t\t\t\t\t\t\t\t\t\t\t\t\t\t\t\t\t\t<\/tr>\n\t\t\t\t\t\t\t\t\t\t\t\t\t\t\t\t\t\t\t\t\t\t\t<tr>\n\t\t\t\t\t\t\t\t\t\t\t\t\t\t\t\t\t\t\t\t\t\t\t\t\t\t\t\t\t\t\t\t\t\t\t\t\t\t\t\t\t\t\t\t\t\t\t\t\t\t\t\t\t<td><a class=\"product\" href=\"https:\/\/arugrupp.rktv.ee\/door\/arual-bd-78-nordwin-modern-ex\/\" target=\"_blank\">AruAL BD 78 Nordwin Modern EX<\/a><\/td>\t\t\t\t\t\t\t\t\t\t\t\t\t\t\t\t\t\t\t\t\t\t\t\t\t\t\t\t\t\t\t\t\t\t\t\t\t\t\t\t\t\t\t\t\t\t\t\t\t\t\t\t\t\t\t<td> 115mm + alu 12,5mm<\/td>\t\t\t\t\t\t\t\t\t\t\t\t\t\t\t\t\t\t\t\t\t\t\t\t\t\t\t\t\t\t\t\t\t\t\t\t\t\t\t\t\t\t\t\t\t\t\t\t\t\t\t\t\t\t<td>78mm + alu 12,5mm<\/td>\t\t\t\t\t\t\t\t\t\t\t\t\t\t\t\t\t\t\t\t\t\t\t\t\t\t\t\t\t\t\t\t\t\t\t\t\t\t\t\t\t\t\t\t\t\t\t\t\t\t\t\t\t\t<td>44mm<\/td>\t\t\t\t\t\t\t\t\t\t\t\t\t\t\t\t\t\t\t\t\t\t\t\t\t\t\t\t\t\t\t\t\t\t\t\t\t\t\t\t\t\t\t\t\t\t\t\t\t\t\t\t\t\t<td><a class=\"file d-flex align-items-center justify-content-start\" href=\"https:\/\/arugrupp.rktv.ee\/wp-content\/uploads\/2023\/08\/AruAL-BD-S-78-Nordwin-Modern-EX.pdf\" target=\"_blank\">Download<\/a><\/td>\t\t\t\t\t\t\t\t\t\t\t\t\t\t\t\t\t\t\t\t\t\t\t\t\t\t\t\t\t\t\t\t\t\t\t\t\t\t<\/tr>\n\t\t\t\t\t\t\t\t\t\t\t\t\t<\/tbody>\n\t\t\t\t\t\t\t\t\t<\/table>\n\t\t\t<\/div>\n\t\t\t\t\t\t\t<div class=\"mobile_parameters d-lg-none d-block\">\n\t\t\t\t\t\t\t\t\t\t\t\t\t\t\t\t\t<div class=\"technical_parameter py-5\">\n\t\t\t\t\t\t\t\t\t\t\t\t\t\t\t\t\t\t\t\t\t\t\t\t\t\t\t\t\t\t\t\t\t\t\t\t\t\t\t\t\t\t<div class=\"title_value mb-4\"><a class=\"product\" href=\"https:\/\/arugrupp.rktv.ee\/door\/arual-bd-60-nordwin-classic-ex\/\" target=\"_blank\">AruAL BD 60 NORDWIN Classic EX<\/a><\/div>\t\t\t\t\t\t\t\t\t\t\t\t\t\t\t\t\t\t\t\t\t\t\t\t\t\t\t\t\t\t\t\t\t\t\t\t\t\t\t\t\t\t\t\t\t\t\t\t\t\t\t\t\t\t\t\t\t\t\t\t\t\t\t\t\t\t\t\t\t\t\t\t\t\t\t\t\t\t\t\t\t\t\t\t\t\t\t\t\t\t\t\t\t\t\t\t\t\t\t\t\t\t\t\t\t\t\t\t\t\t\t\t\t\t\t\t\t\t\t\t\t\t\t\t\t\t\t\t\t\t\t\t\t\t\t\t\t\t\t\t\t\t\t\t\t\t\t\t\t\t\t\t\t\t\t\t\t\t\t\t\t\t\t\t\t\t\t\t\t\t\t\t\t\t\t\t\t\t\t\t\t\t\t\t\t\t\t\t\t\t\t\t\t\t\t\t\t\t\t\t\t\t\t\t\t\t\t\t\t\t\t\t\t\t\t\t\t\t\t\t\t\t\t\t<div class=\"d-flex\">\n\t\t\t\t\t\t\t\t\t\t\t                                            \t\t\t\t\t\t\t\t\t\t\t    <div class=\"row_title body-text-small mb-3 me-5\">Lengi laius<\/div>                                            \t\t\t\t\t\t\t\t\t\t\t\t\t\t\t\t\t\t\t\t\t\t\t<div class=\"row_value mb-3\">115 mm + alu 12,5mm<\/div>\t\t\t\t\t\t\t\t\t\t\t\t\t\t\t\t\t\t\t\t\t<\/div>\n\t\t\t\t\t\t\t\t\t\t\t\t\t\t\t\t\t\t\t\t\t\t\t\t\t\t\t\t\t\t\t\t\t\t\t\t\t\t\t\t\t\t\t\t\t<div class=\"d-flex\">\n\t\t\t\t\t\t\t\t\t\t\t                                            \t\t\t\t\t\t\t\t\t\t\t    <div class=\"row_title body-text-small mb-3 me-5\">Raami paksus<\/div>                                            \t\t\t\t\t\t\t\t\t\t\t\t\t\t\t\t\t\t\t\t\t\t\t<div class=\"row_value mb-3\">60 mm + alu 12,5mm\t<\/div>\t\t\t\t\t\t\t\t\t\t\t\t\t\t\t\t\t\t\t\t\t<\/div>\n\t\t\t\t\t\t\t\t\t\t\t\t\t\t\t\t\t\t\t\t\t\t\t\t\t\t\t\t\t\t\t\t\t\t\t\t\t\t\t\t\t\t\t\t\t<div class=\"d-flex\">\n\t\t\t\t\t\t\t\t\t\t\t                                            \t\t\t\t\t\t\t\t\t\t\t    <div class=\"row_title body-text-small mb-3 me-5\">Klaaspaketi paksus<\/div>                                            \t\t\t\t\t\t\t\t\t\t\t\t\t\t\t\t\t\t\t\t\t\t\t<div class=\"row_value mb-3\">26mm<\/div>\t\t\t\t\t\t\t\t\t\t\t\t\t\t\t\t\t\t\t\t\t<\/div>\n\t\t\t\t\t\t\t\t\t\t\t\t\t\t\t\t\t\t\t\t\t\t\t\t\t\t\t\t\t\t\t\t\t\t\t\t\t\t\t\t\t\t\t\t\t<div class=\"d-flex\">\n\t\t\t\t\t\t\t\t\t\t\t                                            \t\t\t\t\t\t\t\t\t\t\t    <div class=\"row_title body-text-small mb-3 me-5\">Tooteleht<\/div>                                            \t\t\t\t\t\t\t\t\t\t\t\t\t\t\t\t\t\t\t\t\t\t\t<div class=\"row_value mb-3\"><a class=\"d-flex align-items-center justify-content-start\" href=\"https:\/\/arugrupp.rktv.ee\/wp-content\/uploads\/2023\/08\/AruAL-BD-S-60-Nordwin-EX_202303.pdf\" target=\"_blank\">Download<\/a><\/div>\t\t\t\t\t\t\t\t\t\t\t\t\t\t\t\t\t\t\t\t\t<\/div>\n\t\t\t\t\t\t\t\t\t\t\t\t\t\t\t\t\t\t\t\t\t\t\t\t\t\t\t\t\t\t<\/div>\n\t\t\t\t\t\t\t\t\t\t\t\t\t\t\t\t\t<div class=\"technical_parameter py-5\">\n\t\t\t\t\t\t\t\t\t\t\t\t\t\t\t\t\t\t\t\t\t\t\t\t\t\t\t\t\t\t\t\t\t\t\t\t\t\t\t\t\t\t<div class=\"title_value mb-4\"><a class=\"product\" href=\"https:\/\/arugrupp.rktv.ee\/door\/arual-bd-60-nordwin-modern-ex\/\" target=\"_blank\">AruAL BD 60 NORDWIN Modern EX<\/a><\/div>\t\t\t\t\t\t\t\t\t\t\t\t\t\t\t\t\t\t\t\t\t\t\t\t\t\t\t\t\t\t\t\t\t\t\t\t\t\t\t\t\t\t\t\t\t\t\t\t\t\t\t\t\t\t\t\t\t\t\t\t\t\t\t\t\t\t\t\t\t\t\t\t\t\t\t\t\t\t\t\t\t\t\t\t\t\t\t\t\t\t\t\t\t\t\t\t\t\t\t\t\t\t\t\t\t\t\t\t\t\t\t\t\t\t\t\t\t\t\t\t\t\t\t\t\t\t\t\t\t\t\t\t\t\t\t\t\t\t\t\t\t\t\t\t\t\t\t\t\t\t\t\t\t\t\t\t\t\t\t\t\t\t\t\t\t\t\t\t\t\t\t\t\t\t\t\t\t\t\t\t\t\t\t\t\t\t\t\t\t\t\t\t\t\t\t\t\t\t\t\t\t\t\t\t\t\t\t\t\t\t\t\t\t\t\t\t\t\t\t\t\t\t\t\t<div class=\"d-flex\">\n\t\t\t\t\t\t\t\t\t\t\t                                            \t\t\t\t\t\t\t\t\t\t\t    <div class=\"row_title body-text-small mb-3 me-5\">Lengi laius<\/div>                                            \t\t\t\t\t\t\t\t\t\t\t\t\t\t\t\t\t\t\t\t\t\t\t<div class=\"row_value mb-3\">115mm + alu 12,5mm<\/div>\t\t\t\t\t\t\t\t\t\t\t\t\t\t\t\t\t\t\t\t\t<\/div>\n\t\t\t\t\t\t\t\t\t\t\t\t\t\t\t\t\t\t\t\t\t\t\t\t\t\t\t\t\t\t\t\t\t\t\t\t\t\t\t\t\t\t\t\t\t<div class=\"d-flex\">\n\t\t\t\t\t\t\t\t\t\t\t                                            \t\t\t\t\t\t\t\t\t\t\t    <div class=\"row_title body-text-small mb-3 me-5\">Raami paksus<\/div>                                            \t\t\t\t\t\t\t\t\t\t\t\t\t\t\t\t\t\t\t\t\t\t\t<div class=\"row_value mb-3\">60mm + alu 12,5mm<\/div>\t\t\t\t\t\t\t\t\t\t\t\t\t\t\t\t\t\t\t\t\t<\/div>\n\t\t\t\t\t\t\t\t\t\t\t\t\t\t\t\t\t\t\t\t\t\t\t\t\t\t\t\t\t\t\t\t\t\t\t\t\t\t\t\t\t\t\t\t\t<div class=\"d-flex\">\n\t\t\t\t\t\t\t\t\t\t\t                                            \t\t\t\t\t\t\t\t\t\t\t    <div class=\"row_title body-text-small mb-3 me-5\">Klaaspaketi paksus<\/div>                                            \t\t\t\t\t\t\t\t\t\t\t\t\t\t\t\t\t\t\t\t\t\t\t<div class=\"row_value mb-3\">26mm<\/div>\t\t\t\t\t\t\t\t\t\t\t\t\t\t\t\t\t\t\t\t\t<\/div>\n\t\t\t\t\t\t\t\t\t\t\t\t\t\t\t\t\t\t\t\t\t\t\t\t\t\t\t\t\t\t\t\t\t\t\t\t\t\t\t\t\t\t\t\t\t<div class=\"d-flex\">\n\t\t\t\t\t\t\t\t\t\t\t                                            \t\t\t\t\t\t\t\t\t\t\t    <div class=\"row_title body-text-small mb-3 me-5\">Tooteleht<\/div>                                            \t\t\t\t\t\t\t\t\t\t\t\t\t\t\t\t\t\t\t\t\t\t\t<div class=\"row_value mb-3\"><a class=\"d-flex align-items-center justify-content-start\" href=\"https:\/\/arugrupp.rktv.ee\/wp-content\/uploads\/2023\/08\/AruAL-BD-S-60-Nordwin-EX_202303-1.pdf\" target=\"_blank\">Download<\/a><\/div>\t\t\t\t\t\t\t\t\t\t\t\t\t\t\t\t\t\t\t\t\t<\/div>\n\t\t\t\t\t\t\t\t\t\t\t\t\t\t\t\t\t\t\t\t\t\t\t\t\t\t\t\t\t\t<\/div>\n\t\t\t\t\t\t\t\t\t\t\t\t\t\t\t\t\t<div class=\"technical_parameter py-5\">\n\t\t\t\t\t\t\t\t\t\t\t\t\t\t\t\t\t\t\t\t\t\t\t\t\t\t\t\t\t\t\t\t\t\t\t\t\t\t\t\t\t\t<div class=\"title_value mb-4\"><a class=\"product\" href=\"https:\/\/arugrupp.rktv.ee\/door\/arual-bd-78-nordwin-modern-ex\/\" target=\"_blank\">AruAL BD 78 Nordwin Modern EX<\/a><\/div>\t\t\t\t\t\t\t\t\t\t\t\t\t\t\t\t\t\t\t\t\t\t\t\t\t\t\t\t\t\t\t\t\t\t\t\t\t\t\t\t\t\t\t\t\t\t\t\t\t\t\t\t\t\t\t\t\t\t\t\t\t\t\t\t\t\t\t\t\t\t\t\t\t\t\t\t\t\t\t\t\t\t\t\t\t\t\t\t\t\t\t\t\t\t\t\t\t\t\t\t\t\t\t\t\t\t\t\t\t\t\t\t\t\t\t\t\t\t\t\t\t\t\t\t\t\t\t\t\t\t\t\t\t\t\t\t\t\t\t\t\t\t\t\t\t\t\t\t\t\t\t\t\t\t\t\t\t\t\t\t\t\t\t\t\t\t\t\t\t\t\t\t\t\t\t\t\t\t\t\t\t\t\t\t\t\t\t\t\t\t\t\t\t\t\t\t\t\t\t\t\t\t\t\t\t\t\t\t\t\t\t\t\t\t\t\t\t\t\t\t\t\t\t\t<div class=\"d-flex\">\n\t\t\t\t\t\t\t\t\t\t\t                                            \t\t\t\t\t\t\t\t\t\t\t    <div class=\"row_title body-text-small mb-3 me-5\">Lengi laius<\/div>                                            \t\t\t\t\t\t\t\t\t\t\t\t\t\t\t\t\t\t\t\t\t\t\t<div class=\"row_value mb-3\"> 115mm + alu 12,5mm<\/div>\t\t\t\t\t\t\t\t\t\t\t\t\t\t\t\t\t\t\t\t\t<\/div>\n\t\t\t\t\t\t\t\t\t\t\t\t\t\t\t\t\t\t\t\t\t\t\t\t\t\t\t\t\t\t\t\t\t\t\t\t\t\t\t\t\t\t\t\t\t<div class=\"d-flex\">\n\t\t\t\t\t\t\t\t\t\t\t                                            \t\t\t\t\t\t\t\t\t\t\t    <div class=\"row_title body-text-small mb-3 me-5\">Raami paksus<\/div>                                            \t\t\t\t\t\t\t\t\t\t\t\t\t\t\t\t\t\t\t\t\t\t\t<div class=\"row_value mb-3\">78mm + alu 12,5mm<\/div>\t\t\t\t\t\t\t\t\t\t\t\t\t\t\t\t\t\t\t\t\t<\/div>\n\t\t\t\t\t\t\t\t\t\t\t\t\t\t\t\t\t\t\t\t\t\t\t\t\t\t\t\t\t\t\t\t\t\t\t\t\t\t\t\t\t\t\t\t\t<div class=\"d-flex\">\n\t\t\t\t\t\t\t\t\t\t\t                                            \t\t\t\t\t\t\t\t\t\t\t    <div class=\"row_title body-text-small mb-3 me-5\">Klaaspaketi paksus<\/div>                                            \t\t\t\t\t\t\t\t\t\t\t\t\t\t\t\t\t\t\t\t\t\t\t<div class=\"row_value mb-3\">44mm<\/div>\t\t\t\t\t\t\t\t\t\t\t\t\t\t\t\t\t\t\t\t\t<\/div>\n\t\t\t\t\t\t\t\t\t\t\t\t\t\t\t\t\t\t\t\t\t\t\t\t\t\t\t\t\t\t\t\t\t\t\t\t\t\t\t\t\t\t\t\t\t<div class=\"d-flex\">\n\t\t\t\t\t\t\t\t\t\t\t                                            \t\t\t\t\t\t\t\t\t\t\t    <div class=\"row_title body-text-small mb-3 me-5\">Tooteleht<\/div>                                            \t\t\t\t\t\t\t\t\t\t\t\t\t\t\t\t\t\t\t\t\t\t\t<div class=\"row_value mb-3\"><a class=\"d-flex align-items-center justify-content-start\" href=\"https:\/\/arugrupp.rktv.ee\/wp-content\/uploads\/2023\/08\/AruAL-BD-S-78-Nordwin-Modern-EX.pdf\" target=\"_blank\">Download<\/a><\/div>\t\t\t\t\t\t\t\t\t\t\t\t\t\t\t\t\t\t\t\t\t<\/div>\n\t\t\t\t\t\t\t\t\t\t\t\t\t\t\t\t\t\t\t\t\t\t\t\t\t\t\t\t\t\t<\/div>\n\t\t\t\t\t\t\t\t\t<\/div>\n\t\t\t\t\t<\/div>\n    <\/section>\n","protected":false},"excerpt":{"rendered":"","protected":false},"author":1,"featured_media":2390,"parent":3391,"menu_order":4,"comment_status":"closed","ping_status":"closed","template":"","meta":[],"acf":[],"_links":{"self":[{"href":"https:\/\/arugrupp.rktv.ee\/en\/wp-json\/wp\/v2\/pages\/3401"}],"collection":[{"href":"https:\/\/arugrupp.rktv.ee\/en\/wp-json\/wp\/v2\/pages"}],"about":[{"href":"https:\/\/arugrupp.rktv.ee\/en\/wp-json\/wp\/v2\/types\/page"}],"author":[{"embeddable":true,"href":"https:\/\/arugrupp.rktv.ee\/en\/wp-json\/wp\/v2\/users\/1"}],"replies":[{"embeddable":true,"href":"https:\/\/arugrupp.rktv.ee\/en\/wp-json\/wp\/v2\/comments?post=3401"}],"version-history":[{"count":2,"href":"https:\/\/arugrupp.rktv.ee\/en\/wp-json\/wp\/v2\/pages\/3401\/revisions"}],"predecessor-version":[{"id":3416,"href":"https:\/\/arugrupp.rktv.ee\/en\/wp-json\/wp\/v2\/pages\/3401\/revisions\/3416"}],"up":[{"embeddable":true,"href":"https:\/\/arugrupp.rktv.ee\/en\/wp-json\/wp\/v2\/pages\/3391"}],"wp:featuredmedia":[{"embeddable":true,"href":"https:\/\/arugrupp.rktv.ee\/en\/wp-json\/wp\/v2\/media\/2390"}],"wp:attachment":[{"href":"https:\/\/arugrupp.rktv.ee\/en\/wp-json\/wp\/v2\/media?parent=3401"}],"curies":[{"name":"wp","href":"https:\/\/api.w.org\/{rel}","templated":true}]}}